{"id":15862,"date":"2025-02-12T11:12:56","date_gmt":"2025-02-12T11:12:56","guid":{"rendered":"https:\/\/kauppa.ompelukoneliike.net\/product\/singer-se9185\/"},"modified":"2025-03-06T07:45:44","modified_gmt":"2025-03-06T07:45:44","slug":"singer-se9185","status":"publish","type":"product","link":"https:\/\/kauppa.ompelukoneliike.net\/en\/product\/singer-se9185\/","title":{"rendered":"Singer SE9185"},"content":{"rendered":"<p>YLEISET &#038; OMPELUOMINAISUUDET:<\/p>\n<ul>\n<li>LOKAKUUN KUUKAUDEN TUOTE<\/li>\n<li>Tilava kone, ompeluala 165mm neulan oikealla puolella<\/li>\n<li>7&#8243; v\u00e4rillinen kosketusn\u00e4ytt\u00f6 (hintaluokkansa isoimpia)<\/li>\n<li>Hyv\u00e4 valikoima erilaisia ompeleita: hy\u00f6ty- jousto- ja koristeompeleita sek\u00e4 napinl\u00e4pi\u00e4<\/li>\n<li>Yhteens\u00e4 251 ommelta, 4 kirjasintyyli\u00e4<\/li>\n<li>Ompeleet valitaan helposti suoraan n\u00e4yt\u00f6lt\u00e4 ja kone s\u00e4\u00e4t\u00e4\u00e4 sopivan pistonpituuden ja -leveyden valmiiksi (voi muuttaa my\u00f6s itse)<\/li>\n<li>Ompeleista voi luoda my\u00f6s omia yhdistelmi\u00e4<\/li>\n<li>Napinl\u00e4pi on automaattinen ja helppo tehd\u00e4<\/li>\n<li>Puoliautomaattinen neulan langoitin auttaa langan neulan silm\u00e4\u00e4n<\/li>\n<li>Neulastop yl\u00f6s\/alas: voi valita neulan pys\u00e4htym\u00e4\u00e4n alas, joka helpottaa tikkauksissa ja tarkoissa saumoissa<\/li>\n<li>Automaattinen langankatkaisu: paina nappia ja kone katkaisee langat<\/li>\n<li>Ompelunopeutta voidaan s\u00e4\u00e4t\u00e4\u00e4 portaattomasti<\/li>\n<li>Nopeus max 850 tikki\u00e4\/min<\/li>\n<\/ul>\n<p>KIRJONTAOMINAISUUDET:<\/p>\n<ul>\n<li>Kirjonta-ala 170x100mm<\/li>\n<li>Koneessa valmiina paljon erilaisia kirjontakuvioita: yhteens\u00e4 151 kuviota<\/li>\n<li>10 erilaista kirjontafonttia valmiina<\/li>\n<li>Kuviot valitaan helposti suoraan kosketusn\u00e4yt\u00f6lt\u00e4<\/li>\n<li>Kuvioita ja kirjaimia voidaan yhdistell\u00e4 ja muokata n\u00e4yt\u00f6ll\u00e4<\/li>\n<li>Kone pys\u00e4htyy automaattisesti v\u00e4rinvaihtoon ja n\u00e4ytt\u00f6 opastaa laittaa<\/li>\n<li>Kirjontanopeus 450 tikki\u00e4\/min<\/li>\n<li>USB-portti muistitikulle tai langaton tiedonsiirto wifi-yhteydell\u00e4<\/li>\n<li>Mukana tulevat vakiovarusteet:\n<ul>\n<li>Kirjontalaite<\/li>\n<li>Kirjontakehys (170x100mm)<\/li>\n<li>Peruspaininjalka A<\/li>\n<li>Jousto-ommeljalka B<\/li>\n<li>Piilo-ommeljalka D<\/li>\n<li>Vetoketjujalka E<\/li>\n<li>Automaattinen napinl\u00e4pijalka <\/li>\n<li>Kirjontapaininjalka<\/li>\n<li>Kosketusn\u00e4ytt\u00f6tikku<\/li>\n<li>Neulalajitelma (5 neulaa)<\/li>\n<li>Alapuolia (5 kpl)<\/li>\n<li>Kaksoislankatappi<\/li>\n<li>Tikkausohjain<\/li>\n<li>Rullanpidikkeet (3 kpl)<\/li>\n<li>Rullahuopa<\/li>\n<li>Lankaverkko<\/li>\n<li>Ratkoja<\/li>\n<li>Puhdistussuti<\/li>\n<li>Ruuvimeisseli<\/li>\n<li>Ruuviavainkiekko<\/li>\n<\/ul>\n<p><strong>Nyt saat bonuksena 90 p\u00e4iv\u00e4n ilmaisen kokeilujakson mySewnet Platinum -kirjontaohjelmistoon ja kuviokirjastoon! Yli 9000 kirjontakuvion valikoima k\u00e4ytett\u00e4viss\u00e4si!<\/strong><\/li>\n<\/ul>","protected":false},"excerpt":{"rendered":"<p>YLEISET &#038; OMPELUOMINAISUUDET: LOKAKUUN KUUKAUDEN TUOTE Tilava kone, ompeluala 165mm neulan oikealla puolella 7&#8243; v\u00e4rillinen kosketusn\u00e4ytt\u00f6 (hintaluokkansa isoimpia) Hyv\u00e4 valikoima<\/p>","protected":false},"featured_media":15946,"comment_status":"closed","ping_status":"closed","template":"","meta":[],"product_brand":[105],"product_cat":[37,141,40],"product_tag":[],"class_list":{"0":"post-15862","1":"product","2":"type-product","3":"status-publish","4":"has-post-thumbnail","6":"product_brand-singer","7":"product_cat-kirjontakoneet","8":"product_cat-kirjontakoneetkirjontakoneet-singer","9":"product_cat-singer-kirjontakoneet","11":"first","12":"instock","13":"purchasable","14":"product-type-simple"},"_links":{"self":[{"href":"https:\/\/kauppa.ompelukoneliike.net\/en\/wp-json\/wp\/v2\/product\/15862","targetHints":{"allow":["GET"]}}],"collection":[{"href":"https:\/\/kauppa.ompelukoneliike.net\/en\/wp-json\/wp\/v2\/product"}],"about":[{"href":"https:\/\/kauppa.ompelukoneliike.net\/en\/wp-json\/wp\/v2\/types\/product"}],"replies":[{"embeddable":true,"href":"https:\/\/kauppa.ompelukoneliike.net\/en\/wp-json\/wp\/v2\/comments?post=15862"}],"version-history":[{"count":1,"href":"https:\/\/kauppa.ompelukoneliike.net\/en\/wp-json\/wp\/v2\/product\/15862\/revisions"}],"predecessor-version":[{"id":15863,"href":"https:\/\/kauppa.ompelukoneliike.net\/en\/wp-json\/wp\/v2\/product\/15862\/revisions\/15863"}],"wp:featuredmedia":[{"embeddable":true,"href":"https:\/\/kauppa.ompelukoneliike.net\/en\/wp-json\/wp\/v2\/media\/15946"}],"wp:attachment":[{"href":"https:\/\/kauppa.ompelukoneliike.net\/en\/wp-json\/wp\/v2\/media?parent=15862"}],"wp:term":[{"taxonomy":"product_brand","embeddable":true,"href":"https:\/\/kauppa.ompelukoneliike.net\/en\/wp-json\/wp\/v2\/product_brand?post=15862"},{"taxonomy":"product_cat","embeddable":true,"href":"https:\/\/kauppa.ompelukoneliike.net\/en\/wp-json\/wp\/v2\/product_cat?post=15862"},{"taxonomy":"product_tag","embeddable":true,"href":"https:\/\/kauppa.ompelukoneliike.net\/en\/wp-json\/wp\/v2\/product_tag?post=15862"}],"curies":[{"name":"wp","href":"https:\/\/api.w.org\/{rel}","templated":true}]}}