{"id":15858,"date":"2025-02-12T11:12:56","date_gmt":"2025-02-12T11:12:56","guid":{"rendered":"https:\/\/kauppa.ompelukoneliike.net\/product\/pfaff-performance-icon\/"},"modified":"2025-03-06T07:48:51","modified_gmt":"2025-03-06T07:48:51","slug":"pfaff-performance-icon","status":"publish","type":"product","link":"https:\/\/kauppa.ompelukoneliike.net\/en\/product\/pfaff-performance-icon\/","title":{"rendered":"Pfaff performance icon"},"content":{"rendered":"<p><a href=\"https:\/\/turunompelukone.fi\/tuote\/singer-heavy-duty-4432\/\" rel=\"next\"><\/a>The PFAFF\u00ae performance icon\u2122 edustaa parasta, mit\u00e4 olet ik\u00e4n\u00e4 kokenut. Sinulla on t\u00e4ysi hallinta kaikkiin projekteihisi pienint\u00e4 yksityiskohtaa my\u00f6ten. Voit siis ilment\u00e4\u00e4 itse\u00e4si loputtomilla mahdollisuuksilla.<\/p>\n<ul><\/ul>\n<p>Yli 500 ommelta \u2013 8 fonttityyppi\u00e4<\/p>\n<p>Max. ommelleveys 9 mm<\/p>\n<p>Max. tikin pituus 6 mm<\/p>\n<p>Kiinte\u00e4 kaksoissy\u00f6tt\u00f6 \u2013 IDT\u2122<\/p>\n<p>Stitch Creator\u2122 \u2013 Tee omat ompeleet<\/p>\n<p>Automaattinen langankatkaisu<\/p>\n<p>Elektroninen langankireys<\/p>\n<p>Elektronisesti s\u00e4\u00e4tyv\u00e4 paininjalan puristus<\/p>\n<p>Automaattinen paininjalan nosto\/lasku<\/p>\n<p>V\u00e4rillinen kosketusn\u00e4ytt\u00f6<\/p>\n<p>Ompeleiden tallennus<\/p>\n<p>Nopeudens\u00e4\u00e4din<\/p>\n<p>Stop\/Start-painike. Ompelu ilman jalkas\u00e4\u00e4dint\u00e4<\/p>\n<p>Elektroninen polvinostin<\/p>\n<p>Alalankavahti<\/p>\n<p>Yksivaiheinen napinl\u00e4pi<\/p>\n<p>Automaattinen langoitin<\/p>\n<p>Sy\u00f6tt\u00e4j\u00e4n voi laskea<\/p>\n<p>Sotkeutumaton sukkula<\/p>\n<p>LED-valot<\/p>\n<figure><a href=\"http:\/\/31.217.192.118\/~turunomp\/wp-content\/uploads\/2020\/03\/iconompelutila.jpg\"><img fetchpriority=\"high\" decoding=\"async\" src=\"https:\/\/31.217.192.118\/~turunomp\/wp-content\/uploads\/2020\/03\/iconompelutila.jpg\" width=\"393\" height=\"220\" srcset=\"https:\/\/turunompelukone.fi\/wp-content\/uploads\/2020\/03\/iconompelutila.jpg 393w, https:\/\/turunompelukone.fi\/wp-content\/uploads\/2020\/03\/iconompelutila-247x138.jpg 247w\" data-image=\"jgntosccdik7\"><\/a><\/figure>\n<p><strong>Suurin ompelutila<\/strong><br \/>Olemme suunnitelleet markkinoiden suurimman ompelutilan, joka on korkeampi ja leve\u00e4mpi kuin yksik\u00e4\u00e4n t\u00e4h\u00e4n astisista. Sen ansiosta sinulla on reilusti tilaa ja hyv\u00e4 n\u00e4kyvyys isoissa projekteissa kuten tilkkut\u00f6iss\u00e4.<\/p>\n<figure><a href=\"http:\/\/31.217.192.118\/~turunomp\/wp-content\/uploads\/2020\/03\/iconvalaistus.jpg\"><img decoding=\"async\" src=\"https:\/\/31.217.192.118\/~turunomp\/wp-content\/uploads\/2020\/03\/iconvalaistus.jpg\" width=\"393\" height=\"220\" srcset=\"https:\/\/turunompelukone.fi\/wp-content\/uploads\/2020\/03\/iconvalaistus.jpg 393w, https:\/\/turunompelukone.fi\/wp-content\/uploads\/2020\/03\/iconvalaistus-247x138.jpg 247w\" data-image=\"4c6akz0vmf0t\"><\/a><\/figure>\n<p><strong>Ennenn\u00e4kem\u00e4t\u00f6nt\u00e4 valaistussuunnittelua<\/strong><br \/>Innovatiivinen valaistusteknologiamme mahdollistaa markkinoiden parhaimman valaistuksen kirkastaen ompelukokemuksesi. LED-valaistus on suunniteltu niin, ett\u00e4 se ei muodosta lainkaan varjoja ompelualueelle.<\/p>\n<figure><a href=\"http:\/\/31.217.192.118\/~turunomp\/wp-content\/uploads\/2020\/03\/iconactiv.jpg\"><img decoding=\"async\" src=\"https:\/\/31.217.192.118\/~turunomp\/wp-content\/uploads\/2020\/03\/iconactiv.jpg\" width=\"393\" height=\"220\" srcset=\"https:\/\/turunompelukone.fi\/wp-content\/uploads\/2020\/03\/iconactiv.jpg 393w, https:\/\/turunompelukone.fi\/wp-content\/uploads\/2020\/03\/iconactiv-247x138.jpg 247w\" data-image=\"p3ll2c71xu4h\"><\/a><\/figure>\n<p><strong>ActivStitch\u2122 teknologia<\/strong><br \/>Mullistavan ActivStitch\u2122 teknologian ansiosta voit k\u00e4ytt\u00e4\u00e4 t\u00f6iss\u00e4si metalloituja erikoislankoja ilman langankatkeamisia. Lanka sy\u00f6ttyy ompeleeseen upealla lopputuloksella, kun sensorit mittaavat ja s\u00e4\u00e4nn\u00f6stelev\u00e4t langantarvetta.7<\/p>\n<figure><a href=\"http:\/\/31.217.192.118\/~turunomp\/wp-content\/uploads\/2020\/03\/iconwifi.jpg\"><img loading=\"lazy\" decoding=\"async\" src=\"https:\/\/31.217.192.118\/~turunomp\/wp-content\/uploads\/2020\/03\/iconwifi.jpg\" width=\"393\" height=\"220\" srcset=\"https:\/\/turunompelukone.fi\/wp-content\/uploads\/2020\/03\/iconwifi.jpg 393w, https:\/\/turunompelukone.fi\/wp-content\/uploads\/2020\/03\/iconwifi-247x138.jpg 247w\" data-image=\"woyoqr6yy9vh\"><\/a><\/figure>\n<p><strong>Kattava WiFi liitett\u00e4vyys ja mySewnet\u2122<\/strong><br \/>Lataa ompeleita koneeseen Sewnet\u2122 -palvelun kautta. Se mahdollistaa my\u00f6s tallennuksen pilvipalveluun ja automaattiset p\u00e4ivitykset WiFi kautta. Kun olet kirjautunut ilmaiseen PFAFF\u00ae CreatorCue\u2122 applikaatioon, voit seurata ompeluohjeita vaihe vaiheelta ja opastusvideoita mobiililaitteeltasi.<\/p>\n<figure><a href=\"http:\/\/31.217.192.118\/~turunomp\/wp-content\/uploads\/2020\/03\/iconneulanl.jpg\"><img loading=\"lazy\" decoding=\"async\" src=\"https:\/\/31.217.192.118\/~turunomp\/wp-content\/uploads\/2020\/03\/iconneulanl.jpg\" width=\"393\" height=\"220\" srcset=\"https:\/\/turunompelukone.fi\/wp-content\/uploads\/2020\/03\/iconneulanl.jpg 393w, https:\/\/turunompelukone.fi\/wp-content\/uploads\/2020\/03\/iconneulanl-247x138.jpg 247w\" data-image=\"suxs7evltnci\"><\/a><\/figure>\n<p><strong>Automaattinen neulanlangoittaja<\/strong><br \/>T\u00e4ysin automaattinen neulanlangoittaja tuo helppoutta langoittamiseen. Nyt voit k\u00e4ytt\u00e4\u00e4 vaivatta koneessa my\u00f6s suuria lankakartioita kiinte\u00e4n teleskooppilanganohjaimen ansiosta.<\/p>\n<figure><a href=\"http:\/\/31.217.192.118\/~turunomp\/wp-content\/uploads\/2020\/03\/iconidt.jpg\"><img loading=\"lazy\" decoding=\"async\" src=\"https:\/\/31.217.192.118\/~turunomp\/wp-content\/uploads\/2020\/03\/iconidt.jpg\" width=\"393\" height=\"220\" srcset=\"https:\/\/turunompelukone.fi\/wp-content\/uploads\/2020\/03\/iconidt.jpg 393w, https:\/\/turunompelukone.fi\/wp-content\/uploads\/2020\/03\/iconidt-247x138.jpg 247w\" data-image=\"l3lslobrjrbz\"><\/a><\/figure>\n<p><strong>Alkuper\u00e4inen IDT\u2122<\/strong><br \/>Kiinte\u00e4n kaksoissy\u00f6t\u00f6 teknologian ansiosta kangas sy\u00f6ttyy t\u00e4ydellisesti ala- ja p\u00e4\u00e4llipuolelta taaten t\u00e4ydellisen ompeleen. IDT-kaksoissy\u00f6t\u00f6ll\u00e4 on oma voimanl\u00e4hde ja sen sensori tunnistaa, onko se k\u00e4yt\u00f6ss\u00e4 vai ei.<\/p>\n<figure><a href=\"http:\/\/31.217.192.118\/~turunomp\/wp-content\/uploads\/2020\/03\/iconnaytto.jpg\"><img loading=\"lazy\" decoding=\"async\" src=\"https:\/\/31.217.192.118\/~turunomp\/wp-content\/uploads\/2020\/03\/iconnaytto.jpg\" width=\"393\" height=\"220\" srcset=\"https:\/\/turunompelukone.fi\/wp-content\/uploads\/2020\/03\/iconnaytto.jpg 393w, https:\/\/turunompelukone.fi\/wp-content\/uploads\/2020\/03\/iconnaytto-247x138.jpg 247w\" data-image=\"ndj23473vimv\"><\/a><\/figure>\n<p><strong>Valtava tablettin\u00e4ytt\u00f6 \u00e4lykk\u00e4\u00e4ll\u00e4 k\u00e4ytt\u00f6liittym\u00e4ll\u00e4<\/strong><br \/>257mm t\u00e4ysv\u00e4rin\u00e4ytt\u00f6 toimii kuten \u00e4lypuhelin tai tabletti. Se on suurin ja intuitiivisin n\u00e4ytt\u00f6 PFAFF\u00ae:lta. Suunniteltu juuri omistautuneille ompelijoille kuten sin\u00e4.<\/p>\n<p>Sis\u00e4lt\u00e4\u00e4 Help Centerin, ohjekirjan ja Getting Started -osion tukeakseen ja inspiroidakseen k\u00e4ytt\u00e4j\u00e4\u00e4. Help Center sis\u00e4lt\u00e4\u00e4 yli 50 animoitua opastusvideota sek\u00e4 vaihe vaiheelta ohjeita, jotta ty\u00f6skentely olisi sujuvaa kaikissa projekteissa. N\u00e4ytt\u00f6 mahdollistaa tablettityylisen k\u00e4yt\u00f6n kuten pyyhk\u00e4isyn, nipistyksen sek\u00e4 l\u00e4hennyksen ja loitonnuksen.<\/p>\n<figure><a href=\"http:\/\/31.217.192.118\/~turunomp\/wp-content\/uploads\/2020\/03\/iconvoima.jpg\"><img loading=\"lazy\" decoding=\"async\" src=\"https:\/\/31.217.192.118\/~turunomp\/wp-content\/uploads\/2020\/03\/iconvoima.jpg\" width=\"393\" height=\"220\" srcset=\"https:\/\/turunompelukone.fi\/wp-content\/uploads\/2020\/03\/iconvoima.jpg 393w, https:\/\/turunompelukone.fi\/wp-content\/uploads\/2020\/03\/iconvoima-247x138.jpg 247w\" data-image=\"rk462cs7lq26\"><\/a><\/figure>\n<p><strong>Voima, vakaus ja tarkkuus<\/strong><br \/>Koneen runko on suunniteltu v\u00e4hent\u00e4m\u00e4\u00e4n resonointia, joka antaa sinulle vakauden toteuttaa tarkimmatkin yksityiskohdat. Neulavoima on kaksinkertainen verrattuna aikaisempiin konemalleihimme, joten paksujen materiaalien ompelu sujuu vaivatta.<\/p>\n<figure><a href=\"http:\/\/31.217.192.118\/~turunomp\/wp-content\/uploads\/2020\/03\/iconstitchc.jpg\"><img loading=\"lazy\" decoding=\"async\" src=\"https:\/\/31.217.192.118\/~turunomp\/wp-content\/uploads\/2020\/03\/iconstitchc.jpg\" width=\"393\" height=\"220\" srcset=\"https:\/\/turunompelukone.fi\/wp-content\/uploads\/2020\/03\/iconstitchc.jpg 393w, https:\/\/turunompelukone.fi\/wp-content\/uploads\/2020\/03\/iconstitchc-247x138.jpg 247w\" data-image=\"8zrt19mma3gw\"><\/a><\/figure>\n<p><strong>Luova vapaus<\/strong><br \/>Stitch Creator\u2122 -ominaisuus antaa sinulle mahdollisuuden suunnitella omia 9mm ompeleita tai muokata koneen sis\u00e4\u00e4nrakennettuja ompeleita.<\/p>\n<p><strong>Tarvikkeet:<\/strong><\/p>\n<p>Lankaverkko (4)<br \/>Ruuvimeisseli<br \/>Ratkoja<br \/>Harja<br \/>Puolat (6)<br \/>Reunanohjain<br \/>Lankakartion pidike<br \/>Lankarullan pidin, suuri (2)<br \/>Lankarullan pidin, keskikoko (2)<br \/>Lankarullan pidin, pieni (2)<br \/>Ison lankarullapidike<br \/>Puolakotelo suorapistoa varten<br \/>Polvinostin<br \/>Suorapistopistolevy<br \/>Monitoimity\u00f6kalu<br \/>Pehme\u00e4 suojahuppu<br \/>Poljin<br \/>Virtajohto<br \/>Neulat<\/p>\n<p><strong>Paininjalat 11kpl:<\/strong><\/p>\n<p>Perusjalka 0A, IDT\u2122<br \/>Koristeommeljalka 1A, IDT\u2122<br \/>Koristeommeljalka 2A<br \/>Piilo-ommeljalka 3, IDT\u2122<br \/>Vetoketjujalka 4, IDT\u2122<br \/>Sensormatic-napinl\u00e4pijalka 5A<br \/>Manuaalinen napinl\u00e4pijalka 5M<br \/>Sensormatic vapaaompelujalka 6A<br \/>1\/4\u201d tilkkuty\u00f6jalka, IDT\u2122<br \/>Maxi Stitch Foot 8<br \/>Kaksitasoinen p\u00e4\u00e4llitikkausjalka IDT\u2122<\/p>\n<p><strong>Takuu 2+3 vuotta<\/strong><\/p><\/p>","protected":false},"excerpt":{"rendered":"<p>The PFAFF\u00ae performance icon\u2122 edustaa parasta, mit\u00e4 olet ik\u00e4n\u00e4 kokenut. Sinulla on t\u00e4ysi hallinta kaikkiin projekteihisi pienint\u00e4 yksityiskohtaa my\u00f6ten. Voit<\/p>","protected":false},"featured_media":15944,"comment_status":"closed","ping_status":"closed","template":"","meta":[],"product_brand":[111],"product_cat":[51,112,116,21],"product_tag":[],"class_list":{"0":"post-15858","1":"product","2":"type-product","3":"status-publish","4":"has-post-thumbnail","6":"product_brand-pfaff","7":"product_cat-ompelukoneet","8":"product_cat-ompelukoneet-pfaffompelukoneet","9":"product_cat-ompelukoneetompelukoneet-pfaff","10":"product_cat-pfaff","12":"first","13":"instock","14":"purchasable","15":"product-type-simple"},"_links":{"self":[{"href":"https:\/\/kauppa.ompelukoneliike.net\/en\/wp-json\/wp\/v2\/product\/15858","targetHints":{"allow":["GET"]}}],"collection":[{"href":"https:\/\/kauppa.ompelukoneliike.net\/en\/wp-json\/wp\/v2\/product"}],"about":[{"href":"https:\/\/kauppa.ompelukoneliike.net\/en\/wp-json\/wp\/v2\/types\/product"}],"replies":[{"embeddable":true,"href":"https:\/\/kauppa.ompelukoneliike.net\/en\/wp-json\/wp\/v2\/comments?post=15858"}],"version-history":[{"count":1,"href":"https:\/\/kauppa.ompelukoneliike.net\/en\/wp-json\/wp\/v2\/product\/15858\/revisions"}],"predecessor-version":[{"id":15859,"href":"https:\/\/kauppa.ompelukoneliike.net\/en\/wp-json\/wp\/v2\/product\/15858\/revisions\/15859"}],"wp:featuredmedia":[{"embeddable":true,"href":"https:\/\/kauppa.ompelukoneliike.net\/en\/wp-json\/wp\/v2\/media\/15944"}],"wp:attachment":[{"href":"https:\/\/kauppa.ompelukoneliike.net\/en\/wp-json\/wp\/v2\/media?parent=15858"}],"wp:term":[{"taxonomy":"product_brand","embeddable":true,"href":"https:\/\/kauppa.ompelukoneliike.net\/en\/wp-json\/wp\/v2\/product_brand?post=15858"},{"taxonomy":"product_cat","embeddable":true,"href":"https:\/\/kauppa.ompelukoneliike.net\/en\/wp-json\/wp\/v2\/product_cat?post=15858"},{"taxonomy":"product_tag","embeddable":true,"href":"https:\/\/kauppa.ompelukoneliike.net\/en\/wp-json\/wp\/v2\/product_tag?post=15858"}],"curies":[{"name":"wp","href":"https:\/\/api.w.org\/{rel}","templated":true}]}}