{"id":15852,"date":"2025-02-12T11:12:56","date_gmt":"2025-02-12T11:12:56","guid":{"rendered":"https:\/\/kauppa.ompelukoneliike.net\/product\/smarter-by-pfaff-260c\/"},"modified":"2025-03-06T07:50:57","modified_gmt":"2025-03-06T07:50:57","slug":"smarter-by-pfaff-260c","status":"publish","type":"product","link":"https:\/\/kauppa.ompelukoneliike.net\/en\/product\/smarter-by-pfaff-260c\/","title":{"rendered":"Smarter by Pfaff 260c"},"content":{"rendered":"<h3>Sinun Yksil\u00f6llisyytesi. Sinun Intohimosi. Sinun Ompeluharrastuksesi.<\/h3>\n<p>T\u00e4m\u00e4 elektroninen kone, jossa on 27 ommelta ja muita \u00e4lykk\u00e4it\u00e4 ominaisuuksia, kuten esimerkiksi neulastop, auttaa sinua ilmaisemaan yksil\u00f6llisyytt\u00e4si.<\/p>\n<h3>Yhdell\u00e4 Silm\u00e4yksell\u00e4<\/h3>\n<ul>\n<li>Suora ommelvalinta<\/li>\n<li>Start\/Stop-toiminto<\/li>\n<li>Neulastop yl\u00f6s\/alas<\/li>\n<li>Tietoj\u00e4rjestelm\u00e4n n\u00e4ytt\u00f6<\/li>\n<li>Paininjalka ylh\u00e4\u00e4ll\u00e4 -turvatoiminto<\/li>\n<li>Suora ommelvalinta<br \/>Et joudu etsiskelem\u00e4\u00e4n ommelta, vaan painamalla haluamasi ompeleen kuvaketta p\u00e4\u00e4set heti vauhtiin.<br \/>Start\/Stop-toiminto<br \/>Paina Start\/Stop-painiketta, kun haluat ommella ilman jalkas\u00e4\u00e4dint\u00e4. Helpottaa pitkien saumojen, koristeompeleiden, vapaaompelun ja napinl\u00e4pien ompelemista.<br \/>Neulastop yl\u00f6s\/alas<br \/>Nappia painamalla neula siirtyy yl\u00e4- tai ala-asentoon ty\u00f6n k\u00e4\u00e4nt\u00e4mist\u00e4, applikointia ym. varten.<br \/>Tietoj\u00e4rjestelm\u00e4n n\u00e4ytt\u00f6<br \/>Katso tietoj\u00e4rjestelm\u00e4n\u00e4yt\u00f6lt\u00e4 valittu ompeleen numero ja suositeltu paininjalka.<br \/>Paininjalka ylh\u00e4\u00e4ll\u00e4 -turvatoiminto<br \/>Kone piippaa eik\u00e4 k\u00e4ynnisty, kun paininjalka on ylh\u00e4\u00e4ll\u00e4.<br \/>P\u00e4\u00e4ttelytoiminto<br \/>Paina p\u00e4\u00e4ttelypainiketta, niin SMARTER BY PFAFF\u2122 260c p\u00e4\u00e4ttelee ja pys\u00e4htyy automaattisesti. Viimeistely sujuu helposti ja nopeasti.<br \/>Automaattinen ommelleveys ja tikin pituus<br \/>Kun olet valinnut ompeleen, kone s\u00e4\u00e4t\u00e4\u00e4 automaattisesti parhaan tikin pituuden ja ommelleveyden.<\/li>\n<li>Kova suojakotelo sis\u00e4ltyy toimitukseen<br \/>Kova kotelo pit\u00e4\u00e4 ompelukoneesi p\u00f6lytt\u00f6m\u00e4n\u00e4 ja suojaa sit\u00e4 liikkeell\u00e4 ollessasi.<\/li>\n<li>Kiinte\u00e4 langoitin tekee langapujottamisesta nopeaa ja helppoa.<br \/>Muita ominaisuuksia\n<ul>\n<li># ommelta\n<ul>\n<li>27<\/li>\n<\/ul>\n<\/li>\n<li>Ompeleen maksimileveys\n<ul>\n<li>6 mm<\/li>\n<\/ul>\n<\/li>\n<li>Ompeleen maksimipituus\n<ul>\n<li>4,5 mm<\/li>\n<\/ul>\n<\/li>\n<li>Ompelutila (neulasta oikealle)\n<ul>\n<li>160 mm<\/li>\n<\/ul>\n<\/li>\n<li>N\u00e4yt\u00f6n koko\n<ul>\n<li>L\u00e4vist\u00e4j\u00e4 1.2&#8243;<\/li>\n<\/ul>\n<\/li>\n<li>Langoitin\n<ul>\n<li>Sis\u00e4\u00e4nrakennettu<\/li>\n<\/ul>\n<\/li>\n<li>Neulastop yl\u00f6s\/alas\n<ul>\n<li>Kyll\u00e4<\/li>\n<\/ul>\n<\/li>\n<li>Lankaveitsi\n<ul>\n<li>Manuaalinen<\/li>\n<\/ul>\n<\/li>\n<li>Nopeudens\u00e4\u00e4t\u00f6\n<ul>\n<li>Nopeudens\u00e4\u00e4t\u00f6<\/li>\n<\/ul>\n<\/li>\n<li>Suurin ompelunopeus\n<ul>\n<li>750 tikki\u00e4\/min<\/li>\n<\/ul>\n<\/li>\n<li>Start\/Stop-painike\n<ul>\n<li>Kyll\u00e4<\/li>\n<\/ul>\n<\/li>\n<li>Langankireys\n<ul>\n<li>Manuaalinen<\/li>\n<\/ul>\n<\/li>\n<li># vakiovarustetta\n<ul>\n<li>18<\/li>\n<\/ul>\n<p><\/li>\n<\/ul>\n<ul>\n<li>Teknologiat\n<ul>\n<li>Automaattinen ompeleen leveys &#038; pituus<\/li>\n<\/ul>\n<\/li>\n<li>Ominaisuudet\n<ul>\n<li>Yksivaiheinen napinl\u00e4pi<\/li>\n<li>Paininjalan lis\u00e4nosto<\/li>\n<li>Alkuper\u00e4inen PFAFF\u00ae-paininjalkaj\u00e4rjestelm\u00e4<\/li>\n<li>Paininjalkojen pikakiinnitys ja -irrotus<\/li>\n<li><\/li>\n<\/ul>\n<p><\/li>\n<\/ul>\n<p>N\u00c4YT\u00c4 LIS\u00c4\u00c4Vakiovarusteet<\/p>\n<ul>\n<li>0 &#8211; Peruspaininjalka<\/li>\n<li>2A &#8211; Koristeommeljalka<\/li>\n<li>3 &#8211; Piilo-ommeljalka<\/li>\n<li>4 &#8211; Vetoketjujalka<\/li>\n<li>5B &#8211; Yksivaiheinen napinl\u00e4pijalka<\/li>\n<li>Puolat (5)<\/li>\n<li>Jarruhuopa<\/li>\n<li>Ruuvitaltta pistolevy\u00e4 varten<\/li>\n<li>Monitoimity\u00f6kalu<\/li>\n<li>Lankarullan pidin, suuri<\/li>\n<li>Lankarullan pidike, pieni<\/li>\n<li>Ratkoja ja harja (samassa)<\/li>\n<li>Reuna\/tikkausohjain<\/li>\n<li>Lis\u00e4lankatappi<\/li>\n<li>Jalkas\u00e4\u00e4din<\/li>\n<li>Virtajohto<\/li>\n<li>Neulat<\/li>\n<li>Kova suojakotelo<\/li>\n<\/ul>\n<\/li>\n<\/ul>","protected":false},"excerpt":{"rendered":"<p>Sinun Yksil\u00f6llisyytesi. Sinun Intohimosi. Sinun Ompeluharrastuksesi. T\u00e4m\u00e4 elektroninen kone, jossa on 27 ommelta ja muita \u00e4lykk\u00e4it\u00e4 ominaisuuksia, kuten esimerkiksi neulastop,<\/p>","protected":false},"featured_media":15941,"comment_status":"closed","ping_status":"closed","template":"","meta":[],"product_brand":[111],"product_cat":[51,112,116,21],"product_tag":[],"class_list":{"0":"post-15852","1":"product","2":"type-product","3":"status-publish","4":"has-post-thumbnail","6":"product_brand-pfaff","7":"product_cat-ompelukoneet","8":"product_cat-ompelukoneet-pfaffompelukoneet","9":"product_cat-ompelukoneetompelukoneet-pfaff","10":"product_cat-pfaff","12":"first","13":"instock","14":"purchasable","15":"product-type-simple"},"_links":{"self":[{"href":"https:\/\/kauppa.ompelukoneliike.net\/en\/wp-json\/wp\/v2\/product\/15852","targetHints":{"allow":["GET"]}}],"collection":[{"href":"https:\/\/kauppa.ompelukoneliike.net\/en\/wp-json\/wp\/v2\/product"}],"about":[{"href":"https:\/\/kauppa.ompelukoneliike.net\/en\/wp-json\/wp\/v2\/types\/product"}],"replies":[{"embeddable":true,"href":"https:\/\/kauppa.ompelukoneliike.net\/en\/wp-json\/wp\/v2\/comments?post=15852"}],"version-history":[{"count":2,"href":"https:\/\/kauppa.ompelukoneliike.net\/en\/wp-json\/wp\/v2\/product\/15852\/revisions"}],"predecessor-version":[{"id":15868,"href":"https:\/\/kauppa.ompelukoneliike.net\/en\/wp-json\/wp\/v2\/product\/15852\/revisions\/15868"}],"wp:featuredmedia":[{"embeddable":true,"href":"https:\/\/kauppa.ompelukoneliike.net\/en\/wp-json\/wp\/v2\/media\/15941"}],"wp:attachment":[{"href":"https:\/\/kauppa.ompelukoneliike.net\/en\/wp-json\/wp\/v2\/media?parent=15852"}],"wp:term":[{"taxonomy":"product_brand","embeddable":true,"href":"https:\/\/kauppa.ompelukoneliike.net\/en\/wp-json\/wp\/v2\/product_brand?post=15852"},{"taxonomy":"product_cat","embeddable":true,"href":"https:\/\/kauppa.ompelukoneliike.net\/en\/wp-json\/wp\/v2\/product_cat?post=15852"},{"taxonomy":"product_tag","embeddable":true,"href":"https:\/\/kauppa.ompelukoneliike.net\/en\/wp-json\/wp\/v2\/product_tag?post=15852"}],"curies":[{"name":"wp","href":"https:\/\/api.w.org\/{rel}","templated":true}]}}