{"id":15848,"date":"2025-02-12T11:12:56","date_gmt":"2025-02-12T11:12:56","guid":{"rendered":"https:\/\/kauppa.ompelukoneliike.net\/product\/bernina-l460\/"},"modified":"2025-03-06T07:44:38","modified_gmt":"2025-03-06T07:44:38","slug":"bernina-l460","status":"publish","type":"product","link":"https:\/\/kauppa.ompelukoneliike.net\/en\/product\/bernina-l460\/","title":{"rendered":"Bernina L460"},"content":{"rendered":"<p><strong>Bernina L460<\/strong> saumurilla ty\u00f6skentely on todella nopeaa ja tehokasta. <strong>BERNINA L460<\/strong> saumurilla voit kokea todellista k\u00e4yt\u00f6n mukavuutta. <br \/>Projektit valmistuvat k\u00e4denk\u00e4\u00e4nteess\u00e4 ja ommel on aina tasainen ja ensiluokkainen aina kapeasta rullap\u00e4\u00e4rmeest\u00e4 leve\u00e4\u00e4n reunahuolitteluun. <br \/><strong>Bernina L460<\/strong> saumuri on loistava ty\u00f6v\u00e4line kaikkien joustavien materiaalien saumaukseen ja viimeistelyyn.<\/p>\n<p><strong>BERNINA L460 saumuri tarjoaa upeat ominaisuudet<\/strong><\/p>\n<ul>\n<li>Saumaa, leikkaa ja huolittelee, kaikki samalla kertaa, tehokasta ja tarkkaa.<\/li>\n<li>Helppok\u00e4ytt\u00f6inen saumuri my\u00f6s aloittelijalle.  2-3-4-lankaiset ompeleet mahdollistavat saumurin monipuolisen k\u00e4yt\u00f6n.<\/li>\n<li>Ammattitason ommel joka kerta.<\/li>\n<li>Erinomainen rullap\u00e4\u00e4rme.<\/li>\n<li>T\u00e4ydellinen ommel joustaviin neuloksiin ja kudottuihin kankaisiin.<\/li>\n<li>Differentiaalisy\u00f6t\u00f6n avulla voidaanm poimuttaa\/rypytt\u00e4\u00e4 ohuita kankaita.\n<\/li>\n<\/ul>\n<p><strong>POLVINOSTIN VAKIOVARUSTEENA<\/strong><\/p>\n<figure><img fetchpriority=\"high\" decoding=\"async\" src=\"https:\/\/ompelijanmaailma.fi\/attachments\/text_editor\/1970.jpg\" alt=\"polvinostin\" width=\"307\" height=\"307\" data-image=\"spllrdggyn45\"><\/figure>\n<ul>\n<li>Polvinostimen avulla voi paininjalan nostaa ja laskea jolloin molemmat k\u00e4det j\u00e4\u00e4v\u00e4t vapaiksi ty\u00f6n asetteluun paininjalan alle. <\/li>\n<li>Polvinostimen k\u00e4ytt\u00f6 helpottaa ohuiden ja liukkaiden sek\u00e4 eritt\u00e4in paksujen materiaalien asettelua paininjalan alle, lasket polven liikkeell\u00e4 paininjaaln alas kun kaikki on kohdallaan.<\/li>\n<\/ul>\n<p><strong>TARKKA NOPEUDENS\u00c4\u00c4T\u00d6<\/strong><\/p>\n<figure><img decoding=\"async\" src=\"https:\/\/ompelijanmaailma.fi\/attachments\/text_editor\/1971.jpg\" alt=\"nopeus\" width=\"301\" height=\"301\" data-image=\"uuvsp1mo99lu\"><\/figure>\n<ul>\n<li>BERNINA jalkas\u00e4\u00e4din ja DC moottori mahdollistavat tarkan, pisto kerrallaan tai t\u00e4ydell\u00e4 huippunopeudella 1500 tikki\u00e4 minuutissa ompelun.<\/li>\n<li>Tarkka nopeuden s\u00e4\u00e4t\u00f6 helpottaa eritt\u00e4in ohuiden ja liukkaiden materiaalien ompelua samoin my\u00f6s paksujen ja hankalasti k\u00e4sitelt\u00e4vien materiaalien saumaamista tai huolittelua, jolloin molemmat k\u00e4det tarvitaan ty\u00f6n ohjaamiseen.<\/li>\n<\/ul>\n<p><strong>APUP\u00d6YT\u00c4 VAKIOVARUSTEENA<\/strong><\/p>\n<figure><img decoding=\"async\" src=\"https:\/\/ompelijanmaailma.fi\/attachments\/text_editor\/1972.jpg\" alt=\"apup\u00f6yt\u00e4\" width=\"304\" height=\"304\" data-image=\"g9yybkou1dj2\"><\/figure>\n<ul>\n<li>Apup\u00f6yt\u00e4 lis\u00e4\u00e4 ty\u00f6skentelytilaa helpottaen suurikokoisten projektien k\u00e4sittely\u00e4.<\/li>\n<\/ul>\n<p><strong>PATENTOITU MTC-MIKROS\u00c4\u00c4T\u00d6<\/strong><\/p>\n<figure><img loading=\"lazy\" decoding=\"async\" src=\"https:\/\/ompelijanmaailma.fi\/attachments\/text_editor\/1973.jpg\" alt=\"mtc\" width=\"302\" height=\"201\" data-image=\"yu12qzni9bgj\"><\/figure>\n<ul>\n<li>Mikros\u00e4\u00e4d\u00f6n avulla leikatun reunan yli menev\u00e4\u00e4 ompeleen lankam\u00e4\u00e4r\u00e4\u00e4 on helppo s\u00e4\u00e4t\u00e4\u00e4 ilman, ett\u00e4 leikkuuleveytt\u00e4 tai langankireyksi\u00e4 tarvitsee muuttaa. Tuloksena on aina t\u00e4ydellinen sauma.<\/li>\n<li>V\u00e4hemm\u00e4n koe- ja testiompelua, t\u00e4ydellinen ommel helposti mikros\u00e4\u00e4t\u00f6\u00e4 k\u00e4ytt\u00e4m\u00e4ll\u00e4.<\/li>\n<li>Ompeleen leveytt\u00e4 voi muuttaa 9mm:n leveyteen asti.<\/li>\n<\/ul>\n<p><strong>HELPPO LANGOITUS<\/strong><\/p>\n<figure><img loading=\"lazy\" decoding=\"async\" src=\"https:\/\/ompelijanmaailma.fi\/attachments\/text_editor\/1974.jpg\" alt=\"langoitus\" width=\"294\" height=\"294\" data-image=\"qe8hkgr845ta\"><\/figure>\n<ul>\n<li>Helppo ja ergonominen langoitus koneen mukana tulevalla neulalangoittimella. Lanka neulan silm\u00e4\u00e4n nopeasti ja vaivattomasti.<\/li>\n<li>Alasiepparin langoitin nopeuttaa ja helpottaa alasiepparin langoitusta.<\/li>\n<li>Koneen langoitus on nopeaa ja onnistuu aina seuraamalla v\u00e4rimerkiityj\u00e4 lankojen pujotusreittej\u00e4. Helppok\u00e4ytt\u00f6inen lankaleikkuri koneen rungossa.<\/li>\n<\/ul>\n<p><strong>HYV\u00c4 VALAISTUS<\/strong><\/p>\n<figure><img loading=\"lazy\" decoding=\"async\" src=\"https:\/\/ompelijanmaailma.fi\/attachments\/text_editor\/1975.jpg\" alt=\"valot\" width=\"305\" height=\"305\" data-image=\"s7pviingirwn\"><\/figure>\n<ul>\n<li>Hyv\u00e4 valaistus helpottaa neulojen ja siepparien langoitusta.<\/li>\n<li>Valot on sijoitettu siten, ty\u00f6skentelyalueelle ei synny varjoja.<\/li>\n<\/ul>\n<p><strong>TARVIKKEIDEN S\u00c4ILYTYS K\u00c4TEV\u00c4STI ETULUKUSSA<\/strong><\/p>\n<figure><img loading=\"lazy\" decoding=\"async\" src=\"https:\/\/ompelijanmaailma.fi\/attachments\/text_editor\/1976.jpg\" alt=\"tarvikkeet\" width=\"309\" height=\"309\" data-image=\"wm6df7b6v82o\"><\/figure>\n<ul>\n<li>Yleisimmin k\u00e4ytett\u00e4v\u00e4t tarvikkeet etuluukun sis\u00e4puolella k\u00e4tev\u00e4sti aina saatavilla.<\/li>\n<li>Tarvikerasiassa ommelohjain, lankarullien pidikekiekot ja muut ty\u00f6kalut.<\/li>\n<li>Tutustu lis\u00e4tarvikkeina saataviin erilaisiin paininjalkoihin lis\u00e4\u00e4m\u00e4\u00e4n saumurin monipuolista k\u00e4ytt\u00f6\u00e4.<\/li>\n<\/ul>\n<p><strong>BERNINA L460 SAUMURIN OMINAISUUKSIA:<\/strong><\/p>\n<ul>\n<li>16 ommelta, kaikki 2\/3\/4 -lankaiset saumuriompeleet<\/li>\n<li>ommelleveys 3-9mm<\/li>\n<li>helppo langoitus<\/li>\n<li>alasiepparin automaattilangoitin<\/li>\n<li>neulalangoitin vakiovarusteena<\/li>\n<li>v\u00e4rikoodatut langoitusreitit<\/li>\n<li>neulaj\u00e4rjestelm\u00e4 130\/705H (tavallinen kotikoneneula)<\/li>\n<li>langoituskartta koneen etuluukun takana<\/li>\n<li>k\u00e4sipy\u00f6r\u00e4n asennonosoitin<\/li>\n<li>automaattinen neulan pys\u00e4ytys yl\u00e4asentoon<\/li>\n<li>neula yl\u00f6s\/alas -toiminto polkimella<\/li>\n<li>automaattisesti vapautuva langankiristysj\u00e4rjestelm\u00e4 (paininjalka ylh\u00e4\u00e4ll\u00e4)<\/li>\n<li>ommel ompeleelta ompelu<\/li>\n<li>tikinpituuden hienos\u00e4\u00e4t\u00f6 rullap\u00e4\u00e4rmeelle<\/li>\n<li>piston pituuden s\u00e4\u00e4t\u00f6 ompelun aikana<\/li>\n<li>leikkuuleveyden s\u00e4\u00e4t\u00f6<\/li>\n<li>differentiaalisy\u00f6tt\u00f6 (eriaikaissy\u00f6tt\u00f6) ompelun aikana<\/li>\n<li>tarvikkeiden s\u00e4ilytys etuluukussa<\/li>\n<li>2 led -valaisinta<\/li>\n<li>turvakytkin etuluukussa<\/li>\n<li>turvakytkin paininjalassa (ei k\u00e4ynnisty paininjalka ylh\u00e4\u00e4ll\u00e4)<\/li>\n<li>Micro thread control mtc (takaa kauniin ja tasaisen reunan)<\/li>\n<li>altaleikkaava yl\u00e4ter\u00e4<\/li>\n<li>paininjalan lis\u00e4nosto<\/li>\n<li>5-tasoinen paininjalanpuristus<\/li>\n<li>rullap\u00e4\u00e4rmeautomatiikka<\/li>\n<li>voimakas tasavirtamoottori<\/li>\n<li>nopeus jopa 1500 r\/min<\/li>\n<\/ul>\n<p><strong>VAKIOVARUSTEET:<\/strong><\/p>\n<ul>\n<li>peruspaininjalka<\/li>\n<li>polvinostin<\/li>\n<li>apup\u00f6yt\u00e4<\/li>\n<li>yl\u00e4siepparin muunnin (2\/3 -lankaisille ompeleille)<\/li>\n<li>roskakaukalo<\/li>\n<li>saumanohjain<\/li>\n<li>neularasia<\/li>\n<li>neularuuviavain<\/li>\n<li>puhdistussuti<\/li>\n<li>pinsetit<\/li>\n<li>neulalangoitin<\/li>\n<li>tarvikelaatikko<\/li>\n<li>ruuviavain<\/li>\n<li>ter\u00e4avain<\/li>\n<li>varayl\u00e4ter\u00e4<\/li>\n<li>lankaverkot<\/li>\n<li>lankalevyt pienille rullille<\/li>\n<li>\u00f6ljypullo<\/li>\n<li>suojahuppu<\/li>\n<li>suomenkielinen ohjekirja<\/li>\n<\/ul>","protected":false},"excerpt":{"rendered":"<p>Bernina L460 saumurilla ty\u00f6skentely on todella nopeaa ja tehokasta. BERNINA L460 saumurilla voit kokea todellista k\u00e4yt\u00f6n mukavuutta. Projektit valmistuvat k\u00e4denk\u00e4\u00e4nteess\u00e4<\/p>","protected":false},"featured_media":15939,"comment_status":"closed","ping_status":"closed","template":"","meta":[],"product_brand":[113],"product_cat":[24,123],"product_tag":[],"class_list":{"0":"post-15848","1":"product","2":"type-product","3":"status-publish","4":"has-post-thumbnail","6":"product_brand-bernina","7":"product_cat-saumurit","8":"product_cat-saumuritsaumurit-bernina","10":"first","11":"instock","12":"purchasable","13":"product-type-simple"},"_links":{"self":[{"href":"https:\/\/kauppa.ompelukoneliike.net\/en\/wp-json\/wp\/v2\/product\/15848","targetHints":{"allow":["GET"]}}],"collection":[{"href":"https:\/\/kauppa.ompelukoneliike.net\/en\/wp-json\/wp\/v2\/product"}],"about":[{"href":"https:\/\/kauppa.ompelukoneliike.net\/en\/wp-json\/wp\/v2\/types\/product"}],"replies":[{"embeddable":true,"href":"https:\/\/kauppa.ompelukoneliike.net\/en\/wp-json\/wp\/v2\/comments?post=15848"}],"version-history":[{"count":1,"href":"https:\/\/kauppa.ompelukoneliike.net\/en\/wp-json\/wp\/v2\/product\/15848\/revisions"}],"predecessor-version":[{"id":15849,"href":"https:\/\/kauppa.ompelukoneliike.net\/en\/wp-json\/wp\/v2\/product\/15848\/revisions\/15849"}],"wp:featuredmedia":[{"embeddable":true,"href":"https:\/\/kauppa.ompelukoneliike.net\/en\/wp-json\/wp\/v2\/media\/15939"}],"wp:attachment":[{"href":"https:\/\/kauppa.ompelukoneliike.net\/en\/wp-json\/wp\/v2\/media?parent=15848"}],"wp:term":[{"taxonomy":"product_brand","embeddable":true,"href":"https:\/\/kauppa.ompelukoneliike.net\/en\/wp-json\/wp\/v2\/product_brand?post=15848"},{"taxonomy":"product_cat","embeddable":true,"href":"https:\/\/kauppa.ompelukoneliike.net\/en\/wp-json\/wp\/v2\/product_cat?post=15848"},{"taxonomy":"product_tag","embeddable":true,"href":"https:\/\/kauppa.ompelukoneliike.net\/en\/wp-json\/wp\/v2\/product_tag?post=15848"}],"curies":[{"name":"wp","href":"https:\/\/api.w.org\/{rel}","templated":true}]}}