{"id":15846,"date":"2025-02-12T11:12:56","date_gmt":"2025-02-12T11:12:56","guid":{"rendered":"https:\/\/kauppa.ompelukoneliike.net\/product\/bernina-480\/"},"modified":"2025-03-06T07:44:10","modified_gmt":"2025-03-06T07:44:10","slug":"bernina-480","status":"publish","type":"product","link":"https:\/\/kauppa.ompelukoneliike.net\/en\/product\/bernina-480\/","title":{"rendered":"Bernina 480"},"content":{"rendered":"<p>T\u00e4rkeimm\u00e4t toiminnot:<\/p>\n<ul>\n<li>Huippulaatua Berninalta<\/li>\n<li>Vankka runko ja vahva ompeluteho<\/li>\n<li>Pitk\u00e4 vapaavarsi ja tilava runko<\/li>\n<li>Erinomainen valaistus (8x led)<\/li>\n<li>Opastava v\u00e4rillinen kosketusn\u00e4ytt\u00f6<\/li>\n<li>Valitse vain ommel, Bernina hoitaa s\u00e4\u00e4d\u00f6t valmiiksi<\/li>\n<li>Asetuksia ja s\u00e4\u00e4t\u00f6j\u00e4 on helppo muuttaa suoraan n\u00e4yt\u00f6ll\u00e4<\/li>\n<li>Erinomainen kankaan sy\u00f6tt\u00f6<\/li>\n<li>Ommelleveys jopa 9mm<\/li>\n<li>994 ommelta (sis. kirjaimet): hy\u00f6ty-, jousto-, koriste-, ja tilkkuty\u00f6ompeleita ja kirjaimia<\/li>\n<li>Automaattinen langankatkaisu<\/li>\n<li>Automaattiset napinl\u00e4vet ja sirkat (11 kpl)<\/li>\n<li>Automaattinen ompeleen p\u00e4\u00e4ttely<\/li>\n<li>Neulan langoitin<\/li>\n<li>Neulastop yl\u00f6s\/alas<\/li>\n<li>Paininjalan puristuspaineen s\u00e4\u00e4t\u00f6<\/li>\n<li>Bernina -ter\u00e4ssukkula ja Jumbo-puola; jopa 70% enemm\u00e4n alalankaa!<\/li>\n<li>Ompelunopeus max 900 tikki\u00e4\/min<\/li>\n<li>Omien ommelyhdistelmien luominen ja tallennus<\/li>\n<li>Ommelmuisti (tilap\u00e4ismuisti ja pysyv\u00e4)<\/li>\n<li>Ompelu mahdollista my\u00f6s ilman jalkas\u00e4\u00e4dint\u00e4<\/li>\n<li>Portaaton ompelunopeuden s\u00e4\u00e4t\u00f6<\/li>\n<li>PC -liit\u00e4nt\u00e4<\/li>\n<li>Erillinen puolausmoottori<\/li>\n<li>Ompeluopas, materiaalivalinta<\/li>\n<li>Apup\u00f6yt\u00e4 vakiona<\/li>\n<li>Polvinostin vakiona<\/li>\n<\/ul>","protected":false},"excerpt":{"rendered":"<p>T\u00e4rkeimm\u00e4t toiminnot: Huippulaatua Berninalta Vankka runko ja vahva ompeluteho Pitk\u00e4 vapaavarsi ja tilava runko Erinomainen valaistus (8x led) Opastava v\u00e4rillinen<\/p>","protected":false},"featured_media":15938,"comment_status":"closed","ping_status":"closed","template":"","meta":[],"product_brand":[113],"product_cat":[19,51,130],"product_tag":[],"class_list":{"0":"post-15846","1":"product","2":"type-product","3":"status-publish","4":"has-post-thumbnail","6":"product_brand-bernina","7":"product_cat-bernina","8":"product_cat-ompelukoneet","9":"product_cat-ompelukoneetompelukoneet-bernina","11":"first","12":"instock","13":"purchasable","14":"product-type-simple"},"_links":{"self":[{"href":"https:\/\/kauppa.ompelukoneliike.net\/en\/wp-json\/wp\/v2\/product\/15846","targetHints":{"allow":["GET"]}}],"collection":[{"href":"https:\/\/kauppa.ompelukoneliike.net\/en\/wp-json\/wp\/v2\/product"}],"about":[{"href":"https:\/\/kauppa.ompelukoneliike.net\/en\/wp-json\/wp\/v2\/types\/product"}],"replies":[{"embeddable":true,"href":"https:\/\/kauppa.ompelukoneliike.net\/en\/wp-json\/wp\/v2\/comments?post=15846"}],"version-history":[{"count":1,"href":"https:\/\/kauppa.ompelukoneliike.net\/en\/wp-json\/wp\/v2\/product\/15846\/revisions"}],"predecessor-version":[{"id":15847,"href":"https:\/\/kauppa.ompelukoneliike.net\/en\/wp-json\/wp\/v2\/product\/15846\/revisions\/15847"}],"wp:featuredmedia":[{"embeddable":true,"href":"https:\/\/kauppa.ompelukoneliike.net\/en\/wp-json\/wp\/v2\/media\/15938"}],"wp:attachment":[{"href":"https:\/\/kauppa.ompelukoneliike.net\/en\/wp-json\/wp\/v2\/media?parent=15846"}],"wp:term":[{"taxonomy":"product_brand","embeddable":true,"href":"https:\/\/kauppa.ompelukoneliike.net\/en\/wp-json\/wp\/v2\/product_brand?post=15846"},{"taxonomy":"product_cat","embeddable":true,"href":"https:\/\/kauppa.ompelukoneliike.net\/en\/wp-json\/wp\/v2\/product_cat?post=15846"},{"taxonomy":"product_tag","embeddable":true,"href":"https:\/\/kauppa.ompelukoneliike.net\/en\/wp-json\/wp\/v2\/product_tag?post=15846"}],"curies":[{"name":"wp","href":"https:\/\/api.w.org\/{rel}","templated":true}]}}