{"id":15800,"date":"2025-02-12T11:12:38","date_gmt":"2025-02-12T11:12:38","guid":{"rendered":"https:\/\/kauppa.ompelukoneliike.net\/product\/pf-yleisneula-lajitelma-5-kpl-pkt\/"},"modified":"2025-03-06T07:51:56","modified_gmt":"2025-03-06T07:51:56","slug":"pf-yleisneula-lajitelma-5-kpl-pkt","status":"publish","type":"product","link":"https:\/\/kauppa.ompelukoneliike.net\/en\/product\/pf-yleisneula-lajitelma-5-kpl-pkt\/","title":{"rendered":"PF Yleisneula lajitelma, 5 kpl\/pkt"},"content":{"rendered":"<p>Py\u00f6ristetty k\u00e4rki ja kapeneva p\u00e4\u00e4 l\u00e4p\u00e4isee kankaan helposti. Erinomainen kudotuille kankaille.<\/p>\n<p>Lajitelma erivahvuisille kankaille ohuesta paksuun materiaaliin.<\/p>","protected":false},"excerpt":{"rendered":"<p>Py\u00f6ristetty k\u00e4rki ja kapeneva p\u00e4\u00e4 l\u00e4p\u00e4isee kankaan helposti. Erinomainen kudotuille kankaille. Lajitelma erivahvuisille kankaille ohuesta paksuun materiaaliin.<\/p>","protected":false},"featured_media":15915,"comment_status":"closed","ping_status":"closed","template":"","meta":[],"product_brand":[],"product_cat":[36,35,128],"product_tag":[],"class_list":{"0":"post-15800","1":"product","2":"type-product","3":"status-publish","4":"has-post-thumbnail","6":"product_cat-ompelukoneneulat","7":"product_cat-tarvikkeet","8":"product_cat-tarvikkeettarvikkeet-ompelukoneneulat","10":"first","11":"instock","12":"purchasable","13":"product-type-simple"},"_links":{"self":[{"href":"https:\/\/kauppa.ompelukoneliike.net\/en\/wp-json\/wp\/v2\/product\/15800","targetHints":{"allow":["GET"]}}],"collection":[{"href":"https:\/\/kauppa.ompelukoneliike.net\/en\/wp-json\/wp\/v2\/product"}],"about":[{"href":"https:\/\/kauppa.ompelukoneliike.net\/en\/wp-json\/wp\/v2\/types\/product"}],"replies":[{"embeddable":true,"href":"https:\/\/kauppa.ompelukoneliike.net\/en\/wp-json\/wp\/v2\/comments?post=15800"}],"version-history":[{"count":1,"href":"https:\/\/kauppa.ompelukoneliike.net\/en\/wp-json\/wp\/v2\/product\/15800\/revisions"}],"predecessor-version":[{"id":15801,"href":"https:\/\/kauppa.ompelukoneliike.net\/en\/wp-json\/wp\/v2\/product\/15800\/revisions\/15801"}],"wp:featuredmedia":[{"embeddable":true,"href":"https:\/\/kauppa.ompelukoneliike.net\/en\/wp-json\/wp\/v2\/media\/15915"}],"wp:attachment":[{"href":"https:\/\/kauppa.ompelukoneliike.net\/en\/wp-json\/wp\/v2\/media?parent=15800"}],"wp:term":[{"taxonomy":"product_brand","embeddable":true,"href":"https:\/\/kauppa.ompelukoneliike.net\/en\/wp-json\/wp\/v2\/product_brand?post=15800"},{"taxonomy":"product_cat","embeddable":true,"href":"https:\/\/kauppa.ompelukoneliike.net\/en\/wp-json\/wp\/v2\/product_cat?post=15800"},{"taxonomy":"product_tag","embeddable":true,"href":"https:\/\/kauppa.ompelukoneliike.net\/en\/wp-json\/wp\/v2\/product_tag?post=15800"}],"curies":[{"name":"wp","href":"https:\/\/api.w.org\/{rel}","templated":true}]}}