{"id":15796,"date":"2025-02-12T11:12:38","date_gmt":"2025-02-12T11:12:38","guid":{"rendered":"https:\/\/kauppa.ompelukoneliike.net\/product\/pf-kaksoisneula-stretch-trikoo-2-5mm-75\/"},"modified":"2025-03-06T07:52:36","modified_gmt":"2025-03-06T07:52:36","slug":"pf-kaksoisneula-stretch-trikoo-2-5mm-75","status":"publish","type":"product","link":"https:\/\/kauppa.ompelukoneliike.net\/en\/product\/pf-kaksoisneula-stretch-trikoo-2-5mm-75\/","title":{"rendered":"PF Kaksoisneula stretch (trikoo) 2.5mm  75"},"content":{"rendered":"<p>Ompelee kaksi rinnakkaista suoraa ommelta joustavaan materiaaliin 2,5 mm:n et\u00e4isyydelle<\/p>\n<p>toisistaan. Kapea py\u00f6ristetty k\u00e4rki kiert\u00e4\u00e4 langat ja lycrakuidut ja est\u00e4\u00e4 reikien muodostumisen<\/p>\n<p>neulokseen.<\/p>\n<p>T\u00e4ydellinen joustavien ja lycraa sis\u00e4lt\u00e4vien materiaalien ompeluun.<\/p>","protected":false},"excerpt":{"rendered":"<p>Ompelee kaksi rinnakkaista suoraa ommelta joustavaan materiaaliin 2,5 mm:n et\u00e4isyydelle toisistaan. Kapea py\u00f6ristetty k\u00e4rki kiert\u00e4\u00e4 langat ja lycrakuidut ja est\u00e4\u00e4<\/p>","protected":false},"featured_media":15913,"comment_status":"closed","ping_status":"closed","template":"","meta":[],"product_brand":[],"product_cat":[36,35,128],"product_tag":[],"class_list":{"0":"post-15796","1":"product","2":"type-product","3":"status-publish","4":"has-post-thumbnail","6":"product_cat-ompelukoneneulat","7":"product_cat-tarvikkeet","8":"product_cat-tarvikkeettarvikkeet-ompelukoneneulat","10":"first","11":"instock","12":"purchasable","13":"product-type-simple"},"_links":{"self":[{"href":"https:\/\/kauppa.ompelukoneliike.net\/en\/wp-json\/wp\/v2\/product\/15796","targetHints":{"allow":["GET"]}}],"collection":[{"href":"https:\/\/kauppa.ompelukoneliike.net\/en\/wp-json\/wp\/v2\/product"}],"about":[{"href":"https:\/\/kauppa.ompelukoneliike.net\/en\/wp-json\/wp\/v2\/types\/product"}],"replies":[{"embeddable":true,"href":"https:\/\/kauppa.ompelukoneliike.net\/en\/wp-json\/wp\/v2\/comments?post=15796"}],"version-history":[{"count":1,"href":"https:\/\/kauppa.ompelukoneliike.net\/en\/wp-json\/wp\/v2\/product\/15796\/revisions"}],"predecessor-version":[{"id":15797,"href":"https:\/\/kauppa.ompelukoneliike.net\/en\/wp-json\/wp\/v2\/product\/15796\/revisions\/15797"}],"wp:featuredmedia":[{"embeddable":true,"href":"https:\/\/kauppa.ompelukoneliike.net\/en\/wp-json\/wp\/v2\/media\/15913"}],"wp:attachment":[{"href":"https:\/\/kauppa.ompelukoneliike.net\/en\/wp-json\/wp\/v2\/media?parent=15796"}],"wp:term":[{"taxonomy":"product_brand","embeddable":true,"href":"https:\/\/kauppa.ompelukoneliike.net\/en\/wp-json\/wp\/v2\/product_brand?post=15796"},{"taxonomy":"product_cat","embeddable":true,"href":"https:\/\/kauppa.ompelukoneliike.net\/en\/wp-json\/wp\/v2\/product_cat?post=15796"},{"taxonomy":"product_tag","embeddable":true,"href":"https:\/\/kauppa.ompelukoneliike.net\/en\/wp-json\/wp\/v2\/product_tag?post=15796"}],"curies":[{"name":"wp","href":"https:\/\/api.w.org\/{rel}","templated":true}]}}