{"id":15792,"date":"2025-02-12T11:12:38","date_gmt":"2025-02-12T11:12:38","guid":{"rendered":"https:\/\/kauppa.ompelukoneliike.net\/product\/pf-stretch-trikoo-neula-80-5-kpl-pkt\/"},"modified":"2025-03-06T07:52:56","modified_gmt":"2025-03-06T07:52:56","slug":"pf-stretch-trikoo-neula-80-5-kpl-pkt","status":"publish","type":"product","link":"https:\/\/kauppa.ompelukoneliike.net\/en\/product\/pf-stretch-trikoo-neula-80-5-kpl-pkt\/","title":{"rendered":"PF Stretch (trikoo) neula 80, 5 kpl\/pkt"},"content":{"rendered":"<p>Kapea py\u00f6ristetty k\u00e4rki, mutta ei kuitenkaan niin py\u00f6re\u00e4 kuin pallok\u00e4rkineulassa kiert\u00e4\u00e4<\/p>\n<p>langat ja lycrakuidut ja est\u00e4\u00e4 reikien muodostumisen neulokseen.<\/p>\n<p>T\u00e4ydellinen keskivahvojen joustavien ja lycraa sis\u00e4lt\u00e4vien materiaalien ompeluun.<\/p>","protected":false},"excerpt":{"rendered":"<p>Kapea py\u00f6ristetty k\u00e4rki, mutta ei kuitenkaan niin py\u00f6re\u00e4 kuin pallok\u00e4rkineulassa kiert\u00e4\u00e4 langat ja lycrakuidut ja est\u00e4\u00e4 reikien muodostumisen neulokseen. T\u00e4ydellinen<\/p>","protected":false},"featured_media":15911,"comment_status":"closed","ping_status":"closed","template":"","meta":[],"product_brand":[],"product_cat":[36,35,128],"product_tag":[],"class_list":{"0":"post-15792","1":"product","2":"type-product","3":"status-publish","4":"has-post-thumbnail","6":"product_cat-ompelukoneneulat","7":"product_cat-tarvikkeet","8":"product_cat-tarvikkeettarvikkeet-ompelukoneneulat","10":"first","11":"instock","12":"purchasable","13":"product-type-simple"},"_links":{"self":[{"href":"https:\/\/kauppa.ompelukoneliike.net\/en\/wp-json\/wp\/v2\/product\/15792","targetHints":{"allow":["GET"]}}],"collection":[{"href":"https:\/\/kauppa.ompelukoneliike.net\/en\/wp-json\/wp\/v2\/product"}],"about":[{"href":"https:\/\/kauppa.ompelukoneliike.net\/en\/wp-json\/wp\/v2\/types\/product"}],"replies":[{"embeddable":true,"href":"https:\/\/kauppa.ompelukoneliike.net\/en\/wp-json\/wp\/v2\/comments?post=15792"}],"version-history":[{"count":1,"href":"https:\/\/kauppa.ompelukoneliike.net\/en\/wp-json\/wp\/v2\/product\/15792\/revisions"}],"predecessor-version":[{"id":15793,"href":"https:\/\/kauppa.ompelukoneliike.net\/en\/wp-json\/wp\/v2\/product\/15792\/revisions\/15793"}],"wp:featuredmedia":[{"embeddable":true,"href":"https:\/\/kauppa.ompelukoneliike.net\/en\/wp-json\/wp\/v2\/media\/15911"}],"wp:attachment":[{"href":"https:\/\/kauppa.ompelukoneliike.net\/en\/wp-json\/wp\/v2\/media?parent=15792"}],"wp:term":[{"taxonomy":"product_brand","embeddable":true,"href":"https:\/\/kauppa.ompelukoneliike.net\/en\/wp-json\/wp\/v2\/product_brand?post=15792"},{"taxonomy":"product_cat","embeddable":true,"href":"https:\/\/kauppa.ompelukoneliike.net\/en\/wp-json\/wp\/v2\/product_cat?post=15792"},{"taxonomy":"product_tag","embeddable":true,"href":"https:\/\/kauppa.ompelukoneliike.net\/en\/wp-json\/wp\/v2\/product_tag?post=15792"}],"curies":[{"name":"wp","href":"https:\/\/api.w.org\/{rel}","templated":true}]}}