{"id":15778,"date":"2025-02-12T11:12:15","date_gmt":"2025-02-12T11:12:15","guid":{"rendered":"https:\/\/kauppa.ompelukoneliike.net\/product\/pf-farkkuneula-lajitelma-5kpl-pkt\/"},"modified":"2025-03-06T08:11:57","modified_gmt":"2025-03-06T08:11:57","slug":"pf-farkkuneula-lajitelma-5kpl-pkt","status":"publish","type":"product","link":"https:\/\/kauppa.ompelukoneliike.net\/en\/product\/pf-farkkuneula-lajitelma-5kpl-pkt\/","title":{"rendered":"PF farkkuneula lajitelma, 5kpl\/pkt"},"content":{"rendered":"<p>Vahvistettu neula py\u00f6ristetyll\u00e4 k\u00e4rjell\u00e4 ja kapenevalla p\u00e4\u00e4ll\u00e4 v\u00e4hent\u00e4\u00e4 hyppytikkej\u00e4 sek\u00e4 neulan<\/p>\n<p>katkeamista. Kapea kiilamainen k\u00e4rki l\u00e4p\u00e4isee hyvin tihe\u00e4t materiaalit, kuten farkun. Lajitelma<\/p>\n<p>erivahvuisille tiiviisti kudotuille kankaille ohuesta paksuun materiaaliin.<\/p>","protected":false},"excerpt":{"rendered":"<p>Vahvistettu neula py\u00f6ristetyll\u00e4 k\u00e4rjell\u00e4 ja kapenevalla p\u00e4\u00e4ll\u00e4 v\u00e4hent\u00e4\u00e4 hyppytikkej\u00e4 sek\u00e4 neulan katkeamista. Kapea kiilamainen k\u00e4rki l\u00e4p\u00e4isee hyvin tihe\u00e4t materiaalit, kuten<\/p>","protected":false},"featured_media":15904,"comment_status":"closed","ping_status":"closed","template":"","meta":[],"product_brand":[],"product_cat":[36,35,128],"product_tag":[],"class_list":{"0":"post-15778","1":"product","2":"type-product","3":"status-publish","4":"has-post-thumbnail","6":"product_cat-ompelukoneneulat","7":"product_cat-tarvikkeet","8":"product_cat-tarvikkeettarvikkeet-ompelukoneneulat","10":"first","11":"instock","12":"purchasable","13":"product-type-simple"},"_links":{"self":[{"href":"https:\/\/kauppa.ompelukoneliike.net\/en\/wp-json\/wp\/v2\/product\/15778","targetHints":{"allow":["GET"]}}],"collection":[{"href":"https:\/\/kauppa.ompelukoneliike.net\/en\/wp-json\/wp\/v2\/product"}],"about":[{"href":"https:\/\/kauppa.ompelukoneliike.net\/en\/wp-json\/wp\/v2\/types\/product"}],"replies":[{"embeddable":true,"href":"https:\/\/kauppa.ompelukoneliike.net\/en\/wp-json\/wp\/v2\/comments?post=15778"}],"version-history":[{"count":1,"href":"https:\/\/kauppa.ompelukoneliike.net\/en\/wp-json\/wp\/v2\/product\/15778\/revisions"}],"predecessor-version":[{"id":15779,"href":"https:\/\/kauppa.ompelukoneliike.net\/en\/wp-json\/wp\/v2\/product\/15778\/revisions\/15779"}],"wp:featuredmedia":[{"embeddable":true,"href":"https:\/\/kauppa.ompelukoneliike.net\/en\/wp-json\/wp\/v2\/media\/15904"}],"wp:attachment":[{"href":"https:\/\/kauppa.ompelukoneliike.net\/en\/wp-json\/wp\/v2\/media?parent=15778"}],"wp:term":[{"taxonomy":"product_brand","embeddable":true,"href":"https:\/\/kauppa.ompelukoneliike.net\/en\/wp-json\/wp\/v2\/product_brand?post=15778"},{"taxonomy":"product_cat","embeddable":true,"href":"https:\/\/kauppa.ompelukoneliike.net\/en\/wp-json\/wp\/v2\/product_cat?post=15778"},{"taxonomy":"product_tag","embeddable":true,"href":"https:\/\/kauppa.ompelukoneliike.net\/en\/wp-json\/wp\/v2\/product_tag?post=15778"}],"curies":[{"name":"wp","href":"https:\/\/api.w.org\/{rel}","templated":true}]}}