{"id":15774,"date":"2025-02-12T11:12:15","date_gmt":"2025-02-12T11:12:15","guid":{"rendered":"https:\/\/kauppa.ompelukoneliike.net\/product\/hv-yleisneula-70-10-kpl-pkt\/"},"modified":"2025-03-06T08:12:16","modified_gmt":"2025-03-06T08:12:16","slug":"hv-yleisneula-70-10-kpl-pkt","status":"publish","type":"product","link":"https:\/\/kauppa.ompelukoneliike.net\/en\/product\/hv-yleisneula-70-10-kpl-pkt\/","title":{"rendered":"HV Yleisneula 70, 10 kpl\/pkt"},"content":{"rendered":"<p>Kuvasta poiketen paketissa 10 neulaa.<\/p>\n<p>Py\u00f6ristetty k\u00e4rki ja kapeneva p\u00e4\u00e4 l\u00e4p\u00e4isee kankaan helposti. Erinomainen ohuille kudotuille<br \/>kankaille.<\/p>","protected":false},"excerpt":{"rendered":"<p>Kuvasta poiketen paketissa 10 neulaa. Py\u00f6ristetty k\u00e4rki ja kapeneva p\u00e4\u00e4 l\u00e4p\u00e4isee kankaan helposti. Erinomainen ohuille kudotuillekankaille.<\/p>","protected":false},"featured_media":15902,"comment_status":"closed","ping_status":"closed","template":"","meta":[],"product_brand":[],"product_cat":[36,35,128],"product_tag":[],"class_list":{"0":"post-15774","1":"product","2":"type-product","3":"status-publish","4":"has-post-thumbnail","6":"product_cat-ompelukoneneulat","7":"product_cat-tarvikkeet","8":"product_cat-tarvikkeettarvikkeet-ompelukoneneulat","10":"first","11":"instock","12":"purchasable","13":"product-type-simple"},"_links":{"self":[{"href":"https:\/\/kauppa.ompelukoneliike.net\/en\/wp-json\/wp\/v2\/product\/15774","targetHints":{"allow":["GET"]}}],"collection":[{"href":"https:\/\/kauppa.ompelukoneliike.net\/en\/wp-json\/wp\/v2\/product"}],"about":[{"href":"https:\/\/kauppa.ompelukoneliike.net\/en\/wp-json\/wp\/v2\/types\/product"}],"replies":[{"embeddable":true,"href":"https:\/\/kauppa.ompelukoneliike.net\/en\/wp-json\/wp\/v2\/comments?post=15774"}],"version-history":[{"count":1,"href":"https:\/\/kauppa.ompelukoneliike.net\/en\/wp-json\/wp\/v2\/product\/15774\/revisions"}],"predecessor-version":[{"id":15775,"href":"https:\/\/kauppa.ompelukoneliike.net\/en\/wp-json\/wp\/v2\/product\/15774\/revisions\/15775"}],"wp:featuredmedia":[{"embeddable":true,"href":"https:\/\/kauppa.ompelukoneliike.net\/en\/wp-json\/wp\/v2\/media\/15902"}],"wp:attachment":[{"href":"https:\/\/kauppa.ompelukoneliike.net\/en\/wp-json\/wp\/v2\/media?parent=15774"}],"wp:term":[{"taxonomy":"product_brand","embeddable":true,"href":"https:\/\/kauppa.ompelukoneliike.net\/en\/wp-json\/wp\/v2\/product_brand?post=15774"},{"taxonomy":"product_cat","embeddable":true,"href":"https:\/\/kauppa.ompelukoneliike.net\/en\/wp-json\/wp\/v2\/product_cat?post=15774"},{"taxonomy":"product_tag","embeddable":true,"href":"https:\/\/kauppa.ompelukoneliike.net\/en\/wp-json\/wp\/v2\/product_tag?post=15774"}],"curies":[{"name":"wp","href":"https:\/\/api.w.org\/{rel}","templated":true}]}}