{"id":15772,"date":"2025-02-12T11:12:15","date_gmt":"2025-02-12T11:12:15","guid":{"rendered":"https:\/\/kauppa.ompelukoneliike.net\/product\/hv-toptstitchpaallitikkausneula-100-5-kpl-pkt\/"},"modified":"2025-03-06T08:12:26","modified_gmt":"2025-03-06T08:12:26","slug":"hv-toptstitchpaallitikkausneula-100-5-kpl-pkt","status":"publish","type":"product","link":"https:\/\/kauppa.ompelukoneliike.net\/en\/product\/hv-toptstitchpaallitikkausneula-100-5-kpl-pkt\/","title":{"rendered":"HV Toptstitch(p\u00e4\u00e4llitikkaus)neula 100, 5 kpl\/pkt"},"content":{"rendered":"<p>T\u00e4ll\u00e4 eritt\u00e4in pitk\u00e4ll\u00e4 neulansilm\u00e4ll\u00e4 saavutat t\u00e4ydellisen suorat ommellinjat paksuilla tai<\/p>\n<p>moninkertaisilla langoilla. Erinomainen paksuille kudotuille kankaille.<\/p>","protected":false},"excerpt":{"rendered":"<p>T\u00e4ll\u00e4 eritt\u00e4in pitk\u00e4ll\u00e4 neulansilm\u00e4ll\u00e4 saavutat t\u00e4ydellisen suorat ommellinjat paksuilla tai moninkertaisilla langoilla. Erinomainen paksuille kudotuille kankaille.<\/p>","protected":false},"featured_media":15901,"comment_status":"closed","ping_status":"closed","template":"","meta":[],"product_brand":[],"product_cat":[36,35,128],"product_tag":[],"class_list":{"0":"post-15772","1":"product","2":"type-product","3":"status-publish","4":"has-post-thumbnail","6":"product_cat-ompelukoneneulat","7":"product_cat-tarvikkeet","8":"product_cat-tarvikkeettarvikkeet-ompelukoneneulat","10":"first","11":"instock","12":"purchasable","13":"product-type-simple"},"_links":{"self":[{"href":"https:\/\/kauppa.ompelukoneliike.net\/en\/wp-json\/wp\/v2\/product\/15772","targetHints":{"allow":["GET"]}}],"collection":[{"href":"https:\/\/kauppa.ompelukoneliike.net\/en\/wp-json\/wp\/v2\/product"}],"about":[{"href":"https:\/\/kauppa.ompelukoneliike.net\/en\/wp-json\/wp\/v2\/types\/product"}],"replies":[{"embeddable":true,"href":"https:\/\/kauppa.ompelukoneliike.net\/en\/wp-json\/wp\/v2\/comments?post=15772"}],"version-history":[{"count":1,"href":"https:\/\/kauppa.ompelukoneliike.net\/en\/wp-json\/wp\/v2\/product\/15772\/revisions"}],"predecessor-version":[{"id":15773,"href":"https:\/\/kauppa.ompelukoneliike.net\/en\/wp-json\/wp\/v2\/product\/15772\/revisions\/15773"}],"wp:featuredmedia":[{"embeddable":true,"href":"https:\/\/kauppa.ompelukoneliike.net\/en\/wp-json\/wp\/v2\/media\/15901"}],"wp:attachment":[{"href":"https:\/\/kauppa.ompelukoneliike.net\/en\/wp-json\/wp\/v2\/media?parent=15772"}],"wp:term":[{"taxonomy":"product_brand","embeddable":true,"href":"https:\/\/kauppa.ompelukoneliike.net\/en\/wp-json\/wp\/v2\/product_brand?post=15772"},{"taxonomy":"product_cat","embeddable":true,"href":"https:\/\/kauppa.ompelukoneliike.net\/en\/wp-json\/wp\/v2\/product_cat?post=15772"},{"taxonomy":"product_tag","embeddable":true,"href":"https:\/\/kauppa.ompelukoneliike.net\/en\/wp-json\/wp\/v2\/product_tag?post=15772"}],"curies":[{"name":"wp","href":"https:\/\/api.w.org\/{rel}","templated":true}]}}