{"id":15770,"date":"2025-02-12T11:12:15","date_gmt":"2025-02-12T11:12:15","guid":{"rendered":"https:\/\/kauppa.ompelukoneliike.net\/product\/hv-quilting-tilkkuilu-neula-lajitelma-5-kpl-pkt\/"},"modified":"2025-03-06T08:12:44","modified_gmt":"2025-03-06T08:12:44","slug":"hv-quilting-tilkkuilu-neula-lajitelma-5-kpl-pkt","status":"publish","type":"product","link":"https:\/\/kauppa.ompelukoneliike.net\/en\/product\/hv-quilting-tilkkuilu-neula-lajitelma-5-kpl-pkt\/","title":{"rendered":"HV Quilting (tilkkuilu) neula lajitelma, 5 kpl\/pkt"},"content":{"rendered":"<p>Neulan eritt\u00e4in kapea ja tarkka k\u00e4rki mahdollistaa paremman kangaskerroksien l\u00e4vistyksen ja<\/p>\n<p>est\u00e4\u00e4 hyppytikkien muodostumista. T\u00e4ydellinen tilkkut\u00f6ihin ja tikkauksiin. Lajitelma erivahvuisille<\/p>\n<p>kankaille ohuesta paksuun materiaaliin.<\/p>","protected":false},"excerpt":{"rendered":"<p>Neulan eritt\u00e4in kapea ja tarkka k\u00e4rki mahdollistaa paremman kangaskerroksien l\u00e4vistyksen ja est\u00e4\u00e4 hyppytikkien muodostumista. T\u00e4ydellinen tilkkut\u00f6ihin ja tikkauksiin. Lajitelma erivahvuisille<\/p>","protected":false},"featured_media":15900,"comment_status":"closed","ping_status":"closed","template":"","meta":[],"product_brand":[],"product_cat":[36,35,128],"product_tag":[],"class_list":{"0":"post-15770","1":"product","2":"type-product","3":"status-publish","4":"has-post-thumbnail","6":"product_cat-ompelukoneneulat","7":"product_cat-tarvikkeet","8":"product_cat-tarvikkeettarvikkeet-ompelukoneneulat","10":"first","11":"instock","12":"purchasable","13":"product-type-simple"},"_links":{"self":[{"href":"https:\/\/kauppa.ompelukoneliike.net\/en\/wp-json\/wp\/v2\/product\/15770","targetHints":{"allow":["GET"]}}],"collection":[{"href":"https:\/\/kauppa.ompelukoneliike.net\/en\/wp-json\/wp\/v2\/product"}],"about":[{"href":"https:\/\/kauppa.ompelukoneliike.net\/en\/wp-json\/wp\/v2\/types\/product"}],"replies":[{"embeddable":true,"href":"https:\/\/kauppa.ompelukoneliike.net\/en\/wp-json\/wp\/v2\/comments?post=15770"}],"version-history":[{"count":1,"href":"https:\/\/kauppa.ompelukoneliike.net\/en\/wp-json\/wp\/v2\/product\/15770\/revisions"}],"predecessor-version":[{"id":15771,"href":"https:\/\/kauppa.ompelukoneliike.net\/en\/wp-json\/wp\/v2\/product\/15770\/revisions\/15771"}],"wp:featuredmedia":[{"embeddable":true,"href":"https:\/\/kauppa.ompelukoneliike.net\/en\/wp-json\/wp\/v2\/media\/15900"}],"wp:attachment":[{"href":"https:\/\/kauppa.ompelukoneliike.net\/en\/wp-json\/wp\/v2\/media?parent=15770"}],"wp:term":[{"taxonomy":"product_brand","embeddable":true,"href":"https:\/\/kauppa.ompelukoneliike.net\/en\/wp-json\/wp\/v2\/product_brand?post=15770"},{"taxonomy":"product_cat","embeddable":true,"href":"https:\/\/kauppa.ompelukoneliike.net\/en\/wp-json\/wp\/v2\/product_cat?post=15770"},{"taxonomy":"product_tag","embeddable":true,"href":"https:\/\/kauppa.ompelukoneliike.net\/en\/wp-json\/wp\/v2\/product_tag?post=15770"}],"curies":[{"name":"wp","href":"https:\/\/api.w.org\/{rel}","templated":true}]}}