{"id":15762,"date":"2025-02-12T11:12:15","date_gmt":"2025-02-12T11:12:15","guid":{"rendered":"https:\/\/kauppa.ompelukoneliike.net\/product\/hv-kirjontaneula-lajitelma-5kpl-pkt\/"},"modified":"2025-03-06T08:05:26","modified_gmt":"2025-03-06T08:05:26","slug":"hv-kirjontaneula-lajitelma-5kpl-pkt","status":"publish","type":"product","link":"https:\/\/kauppa.ompelukoneliike.net\/en\/product\/hv-kirjontaneula-lajitelma-5kpl-pkt\/","title":{"rendered":"HV kirjontaneula lajitelma 5kpl\/pkt"},"content":{"rendered":"<p>Kirjontaneula l\u00e4vist\u00e4\u00e4 kankaan paremmin, mik\u00e4 v\u00e4hent\u00e4\u00e4 kitkaa. Syvempi lankaura ja isompi<\/p>\n<p>neulansilm\u00e4 takaavat paremman lopputuloksen kirjontalangalla, ja mahdollistaa ongelmattoman<\/p>\n<p>kirjonta- ja koristeompelun. Erityisesti suunniteltu kirjontaan, ohuille ja tihe\u00e4\u00e4n kudotuille<\/p>\n<p>kankaille.Lajitelma erivahvuisille kankaille ohuesta paksuun materiaaliin.<\/p>","protected":false},"excerpt":{"rendered":"<p>Kirjontaneula l\u00e4vist\u00e4\u00e4 kankaan paremmin, mik\u00e4 v\u00e4hent\u00e4\u00e4 kitkaa. Syvempi lankaura ja isompi neulansilm\u00e4 takaavat paremman lopputuloksen kirjontalangalla, ja mahdollistaa ongelmattoman kirjonta-<\/p>","protected":false},"featured_media":15896,"comment_status":"closed","ping_status":"closed","template":"","meta":[],"product_brand":[],"product_cat":[36,35,128],"product_tag":[],"class_list":{"0":"post-15762","1":"product","2":"type-product","3":"status-publish","4":"has-post-thumbnail","6":"product_cat-ompelukoneneulat","7":"product_cat-tarvikkeet","8":"product_cat-tarvikkeettarvikkeet-ompelukoneneulat","10":"first","11":"instock","12":"purchasable","13":"product-type-simple"},"_links":{"self":[{"href":"https:\/\/kauppa.ompelukoneliike.net\/en\/wp-json\/wp\/v2\/product\/15762","targetHints":{"allow":["GET"]}}],"collection":[{"href":"https:\/\/kauppa.ompelukoneliike.net\/en\/wp-json\/wp\/v2\/product"}],"about":[{"href":"https:\/\/kauppa.ompelukoneliike.net\/en\/wp-json\/wp\/v2\/types\/product"}],"replies":[{"embeddable":true,"href":"https:\/\/kauppa.ompelukoneliike.net\/en\/wp-json\/wp\/v2\/comments?post=15762"}],"version-history":[{"count":1,"href":"https:\/\/kauppa.ompelukoneliike.net\/en\/wp-json\/wp\/v2\/product\/15762\/revisions"}],"predecessor-version":[{"id":15763,"href":"https:\/\/kauppa.ompelukoneliike.net\/en\/wp-json\/wp\/v2\/product\/15762\/revisions\/15763"}],"wp:featuredmedia":[{"embeddable":true,"href":"https:\/\/kauppa.ompelukoneliike.net\/en\/wp-json\/wp\/v2\/media\/15896"}],"wp:attachment":[{"href":"https:\/\/kauppa.ompelukoneliike.net\/en\/wp-json\/wp\/v2\/media?parent=15762"}],"wp:term":[{"taxonomy":"product_brand","embeddable":true,"href":"https:\/\/kauppa.ompelukoneliike.net\/en\/wp-json\/wp\/v2\/product_brand?post=15762"},{"taxonomy":"product_cat","embeddable":true,"href":"https:\/\/kauppa.ompelukoneliike.net\/en\/wp-json\/wp\/v2\/product_cat?post=15762"},{"taxonomy":"product_tag","embeddable":true,"href":"https:\/\/kauppa.ompelukoneliike.net\/en\/wp-json\/wp\/v2\/product_tag?post=15762"}],"curies":[{"name":"wp","href":"https:\/\/api.w.org\/{rel}","templated":true}]}}