{"id":15760,"date":"2025-02-12T11:12:15","date_gmt":"2025-02-12T11:12:15","guid":{"rendered":"https:\/\/kauppa.ompelukoneliike.net\/product\/hv-pallokarkineula-80-5kpl-pkt\/"},"modified":"2025-03-06T08:05:39","modified_gmt":"2025-03-06T08:05:39","slug":"hv-pallokarkineula-80-5kpl-pkt","status":"publish","type":"product","link":"https:\/\/kauppa.ompelukoneliike.net\/en\/product\/hv-pallokarkineula-80-5kpl-pkt\/","title":{"rendered":"HV pallok\u00e4rkineula 80 5kpl\/pkt"},"content":{"rendered":"<p>Py\u00f6ristetty neulank\u00e4rki, suunniteltu liukumaan neulekankaiden lankojen v\u00e4list\u00e4 ja est\u00e4\u00e4<\/p>\n<p>neuloksen rikkoutumista. T\u00e4ydellinen keskivahvojen neulosrakenteisten materiaalien ompeluun.<\/p>","protected":false},"excerpt":{"rendered":"<p>Py\u00f6ristetty neulank\u00e4rki, suunniteltu liukumaan neulekankaiden lankojen v\u00e4list\u00e4 ja est\u00e4\u00e4 neuloksen rikkoutumista. T\u00e4ydellinen keskivahvojen neulosrakenteisten materiaalien ompeluun.<\/p>","protected":false},"featured_media":15895,"comment_status":"closed","ping_status":"closed","template":"","meta":[],"product_brand":[],"product_cat":[36,35,128],"product_tag":[],"class_list":{"0":"post-15760","1":"product","2":"type-product","3":"status-publish","4":"has-post-thumbnail","6":"product_cat-ompelukoneneulat","7":"product_cat-tarvikkeet","8":"product_cat-tarvikkeettarvikkeet-ompelukoneneulat","10":"first","11":"instock","12":"purchasable","13":"product-type-simple"},"_links":{"self":[{"href":"https:\/\/kauppa.ompelukoneliike.net\/en\/wp-json\/wp\/v2\/product\/15760","targetHints":{"allow":["GET"]}}],"collection":[{"href":"https:\/\/kauppa.ompelukoneliike.net\/en\/wp-json\/wp\/v2\/product"}],"about":[{"href":"https:\/\/kauppa.ompelukoneliike.net\/en\/wp-json\/wp\/v2\/types\/product"}],"replies":[{"embeddable":true,"href":"https:\/\/kauppa.ompelukoneliike.net\/en\/wp-json\/wp\/v2\/comments?post=15760"}],"version-history":[{"count":1,"href":"https:\/\/kauppa.ompelukoneliike.net\/en\/wp-json\/wp\/v2\/product\/15760\/revisions"}],"predecessor-version":[{"id":15761,"href":"https:\/\/kauppa.ompelukoneliike.net\/en\/wp-json\/wp\/v2\/product\/15760\/revisions\/15761"}],"wp:featuredmedia":[{"embeddable":true,"href":"https:\/\/kauppa.ompelukoneliike.net\/en\/wp-json\/wp\/v2\/media\/15895"}],"wp:attachment":[{"href":"https:\/\/kauppa.ompelukoneliike.net\/en\/wp-json\/wp\/v2\/media?parent=15760"}],"wp:term":[{"taxonomy":"product_brand","embeddable":true,"href":"https:\/\/kauppa.ompelukoneliike.net\/en\/wp-json\/wp\/v2\/product_brand?post=15760"},{"taxonomy":"product_cat","embeddable":true,"href":"https:\/\/kauppa.ompelukoneliike.net\/en\/wp-json\/wp\/v2\/product_cat?post=15760"},{"taxonomy":"product_tag","embeddable":true,"href":"https:\/\/kauppa.ompelukoneliike.net\/en\/wp-json\/wp\/v2\/product_tag?post=15760"}],"curies":[{"name":"wp","href":"https:\/\/api.w.org\/{rel}","templated":true}]}}