{"id":15754,"date":"2025-02-12T11:12:15","date_gmt":"2025-02-12T11:12:15","guid":{"rendered":"https:\/\/kauppa.ompelukoneliike.net\/product\/husqvarna-viking-opal-670\/"},"modified":"2025-10-23T06:24:56","modified_gmt":"2025-10-23T06:24:56","slug":"husqvarna-viking-opal-670","status":"publish","type":"product","link":"https:\/\/kauppa.ompelukoneliike.net\/en\/product\/husqvarna-viking-opal-670\/","title":{"rendered":"Husqvarna Viking opal 670"},"content":{"rendered":"<p>MARRASKUUN KUUKAUDEN TUOTE<br \/>\nIJos ompelet mekaanisella tai jo ik\u00e4\u00e4ntyneell\u00e4 elektronisella koneella, j\u00e4\u00e4t paitsi modernin tekniikan eduista. Elektroninen OPAL\u2122 670-ompelukone on huipputehokas, ja siin\u00e4 on monipuolinen sis\u00e4\u00e4nrakennettu opastus, jonka avulla ompelutottumuksesi muuttuvat entist\u00e4 n\u00e4pp\u00e4r\u00e4mmiksi! Anna Husqvarna Viking\u00ae OPAL\u2122 670-ompelukoneen keskitty\u00e4 tekniikkaan, niin voit itse rentoutua ja nauttia ompelun ilosta!<\/p>\n<h2>Moderneja innovaatioita<\/h2>\n<ul>\n<li>Helppok\u00e4ytt\u00f6iselt\u00e4 kosketusn\u00e4yt\u00f6lt\u00e4 n\u00e4et kaikki asetuksesi.<\/li>\n<li>Automaattinen langankatkaisu s\u00e4\u00e4st\u00e4\u00e4 aikaa. Se katkaisee yl\u00e4- ja alalangan automaattisesti.<\/li>\n<li>Alalankavahti h\u00e4lytt\u00e4\u00e4, kun lanka on loppumassa puolasta.<\/li>\n<li>Elektroninen langankireystoiminto s\u00e4\u00e4t\u00e4\u00e4 langankireyden automaattisesti kaikkia<br \/>\nompelutekniikoita ja kankaita varten.<\/li>\n<\/ul>\n<h2>Poikkeuksellista suorituskyky\u00e4<\/h2>\n<ul>\n<li>Laaja 200 mm:n ompelutila ja pitk\u00e4 vapaavarsi helpottavat suurikokoisten t\u00f6iden ompelua.<\/li>\n<li>Koneessa on nelj\u00e4 fonttia, joilla voit nimikoida ja p\u00e4iv\u00e4t\u00e4 ompeluty\u00f6si.<\/li>\n<li>Ohjelmoi ja tallenna yhdistelm\u00e4si Omat ompeleeni -valikkoon.<\/li>\n<li>Loputtomasti luovia mahdollisuuksia tarjoavat koneen 200 kaunista ommelta, ommelleveys jopa 7 mm.<\/li>\n<li>T\u00e4ysin tasapainoiset napinl\u00e4vet (PBB) ja yksivaiheinen napinl\u00e4pimittari takaavat automaattisesti<br \/>\nt\u00e4ydelliset yksivaiheiset napinl\u00e4vet joka kerta.<\/li>\n<li>toimitusaika\u00a01-2 vk<\/li>\n<\/ul>","protected":false},"excerpt":{"rendered":"<p>MARRASKUUN KUUKAUDEN TUOTE IJos ompelet mekaanisella tai jo ik\u00e4\u00e4ntyneell\u00e4 elektronisella koneella, j\u00e4\u00e4t paitsi modernin tekniikan eduista. Elektroninen OPAL\u2122 670-ompelukone on<\/p>","protected":false},"featured_media":15892,"comment_status":"closed","ping_status":"closed","template":"","meta":[],"product_brand":[103],"product_cat":[16,51,135,104,126],"product_tag":[],"class_list":{"0":"post-15754","1":"product","2":"type-product","3":"status-publish","4":"has-post-thumbnail","6":"product_brand-husqvarna","7":"product_cat-husqvarna-viking","8":"product_cat-ompelukoneet","9":"product_cat-ompelukoneet-husqvarna-viking","10":"product_cat-ompelukoneet-husqvarna-vikingompelukoneet","11":"product_cat-ompelukoneetompelukoneet-husqvarna-viking","13":"first","14":"instock","15":"sale","16":"purchasable","17":"product-type-simple"},"_links":{"self":[{"href":"https:\/\/kauppa.ompelukoneliike.net\/en\/wp-json\/wp\/v2\/product\/15754","targetHints":{"allow":["GET"]}}],"collection":[{"href":"https:\/\/kauppa.ompelukoneliike.net\/en\/wp-json\/wp\/v2\/product"}],"about":[{"href":"https:\/\/kauppa.ompelukoneliike.net\/en\/wp-json\/wp\/v2\/types\/product"}],"replies":[{"embeddable":true,"href":"https:\/\/kauppa.ompelukoneliike.net\/en\/wp-json\/wp\/v2\/comments?post=15754"}],"version-history":[{"count":3,"href":"https:\/\/kauppa.ompelukoneliike.net\/en\/wp-json\/wp\/v2\/product\/15754\/revisions"}],"predecessor-version":[{"id":16183,"href":"https:\/\/kauppa.ompelukoneliike.net\/en\/wp-json\/wp\/v2\/product\/15754\/revisions\/16183"}],"wp:featuredmedia":[{"embeddable":true,"href":"https:\/\/kauppa.ompelukoneliike.net\/en\/wp-json\/wp\/v2\/media\/15892"}],"wp:attachment":[{"href":"https:\/\/kauppa.ompelukoneliike.net\/en\/wp-json\/wp\/v2\/media?parent=15754"}],"wp:term":[{"taxonomy":"product_brand","embeddable":true,"href":"https:\/\/kauppa.ompelukoneliike.net\/en\/wp-json\/wp\/v2\/product_brand?post=15754"},{"taxonomy":"product_cat","embeddable":true,"href":"https:\/\/kauppa.ompelukoneliike.net\/en\/wp-json\/wp\/v2\/product_cat?post=15754"},{"taxonomy":"product_tag","embeddable":true,"href":"https:\/\/kauppa.ompelukoneliike.net\/en\/wp-json\/wp\/v2\/product_tag?post=15754"}],"curies":[{"name":"wp","href":"https:\/\/api.w.org\/{rel}","templated":true}]}}