{"id":15748,"date":"2025-02-12T11:12:15","date_gmt":"2025-02-12T11:12:15","guid":{"rendered":"https:\/\/kauppa.ompelukoneliike.net\/product\/bernina-l450\/"},"modified":"2025-03-06T08:11:19","modified_gmt":"2025-03-06T08:11:19","slug":"bernina-l450","status":"publish","type":"product","link":"https:\/\/kauppa.ompelukoneliike.net\/en\/product\/bernina-l450\/","title":{"rendered":"Bernina L450"},"content":{"rendered":"<p><strong>Bernina L450<\/strong> saumurin k\u00e4ytt\u00f6 merkitsee nopeutta, helppoutta ja siisti\u00e4 ommelta. Ompeluprojektit valmistuvat nopeasti ja vaivattomasti. <strong>BERNINA L450<\/strong> saumurilla voit kokea todellista k\u00e4yt\u00f6n mukavuutta. <br \/><strong>Bernina L450 <\/strong>saumuri on loistava ty\u00f6v\u00e4line kaikkien joustavien materiaalien saumaukseen ja viimeistelyyn. Jatkuvan tuotekehityksen tuloksena BERNINA saumurit ovat huipputasoa. Ompeleen laatu pysyy ensiluokkaisena aina viimeiseen tikkiin asti. <strong>Bernina L450<\/strong> saumuri ja ompelukoneesi yhdess\u00e4 muodostavat tehokkaan kaikki tarpeet t\u00e4ytt\u00e4v\u00e4n ty\u00f6parin.<\/p>\n<p><strong>BERNINA L450 saumuri tarjoaa upeat ominaisuudet:<\/strong><\/p>\n<ul>\n<li>Saumaa, leikkaa ja huolittelee, kaikki samalla kertaa, tehokasta ja tarkkaa.<\/li>\n<li>Helppok\u00e4ytt\u00f6inen saumuri my\u00f6s aloittelijalle.  2-3-4-lankaiset ompeleet mahdollistavat saumurin monipuolisen k\u00e4yt\u00f6n.<\/li>\n<li>Ammattitason ommel joka kerta.<\/li>\n<li>Erinomainen rullap\u00e4\u00e4rme.<\/li>\n<li>T\u00e4ydellinen ommel joustaviin neuloksiin ja kudottuihin kankaisiin.<\/li>\n<li>Differentiaalisy\u00f6t\u00f6n avulla voidaanm poimuttaa\/rypytt\u00e4\u00e4 ohuita kankaita.<\/li>\n<\/ul>\n<p><strong>PATENTOITU MTC-MIKROS\u00c4\u00c4T\u00d6<\/strong><\/p>\n<figure><img fetchpriority=\"high\" decoding=\"async\" src=\"https:\/\/ompelijanmaailma.fi\/attachments\/text_editor\/1973.jpg\" alt=\"mtc\" width=\"302\" height=\"201\" data-image=\"lag6hdnhqxvk\"><\/figure>\n<ul>\n<li>Mikros\u00e4\u00e4d\u00f6n avulla leikatun reunan yli menev\u00e4\u00e4 ompeleen lankam\u00e4\u00e4r\u00e4\u00e4 on helppo s\u00e4\u00e4t\u00e4\u00e4 ilman, ett\u00e4 leikkuuleveytt\u00e4 tai langankireyksi\u00e4 tarvitsee muuttaa. Tuloksena on aina t\u00e4ydellinen sauma.<\/li>\n<li>V\u00e4hemm\u00e4n koe- ja testiompelua, t\u00e4ydellinen ommel helposti mikros\u00e4\u00e4t\u00f6\u00e4 k\u00e4ytt\u00e4m\u00e4ll\u00e4.<\/li>\n<li>Ompeleen leveytt\u00e4 voi muuttaa 9mm:n leveyteen asti.<\/li>\n<\/ul>\n<p><strong>HELPPO LANGOITUS<\/strong><\/p>\n<figure><img decoding=\"async\" src=\"https:\/\/ompelijanmaailma.fi\/attachments\/text_editor\/1980.jpg\" alt=\"helppo\" width=\"295\" height=\"295\" data-image=\"hidnmg470820\"><\/figure>\n<ul>\n<li>Helppo ja ergonominen langoitus koneen mukana tulevalla neulalangoittimella. Lanka neulan silm\u00e4\u00e4n nopeasti ja vaivattomasti.<\/li>\n<li>Alasiepparin langoitin nopeuttaa ja helpottaa alasiepparin langoitusta.<\/li>\n<li>Koneen langoitus on nopeaa ja onnistuu aina seuraamalla v\u00e4rimerkiityj\u00e4 lankojen pujotusreittej\u00e4. Helppok\u00e4ytt\u00f6inen lankaleikkuri koneen rungossa.<\/li>\n<\/ul>\n<p><strong>TY\u00d6SKENTELYN MUKAVUUTTA<\/strong><\/p>\n<figure><img decoding=\"async\" src=\"https:\/\/ompelijanmaailma.fi\/attachments\/text_editor\/1981.jpg\" alt=\"mukavuus\" width=\"295\" height=\"295\" data-image=\"ebcoz9qqczll\"><\/figure>\n<ul>\n<li>Kaksi kirkasta LED-valoa valaisee ompelualueen ja my\u00f6s neulojen sek\u00e4 siepparien langoituksen alueen.<\/li>\n<li>T\u00e4rkeimm\u00e4t tarvikkeet ovat etuluukussa sen sis\u00e4puolella ja n\u00e4in aina helposti saatavilla.<\/li>\n<li>Leikkuuj\u00e4tekaukalo kiinnittyy koneen runkoon ja on samalla s\u00e4ilytyspaikka koneen jalkas\u00e4\u00e4timelle silloin kun kone ei ole k\u00e4yt\u00f6ss\u00e4.<\/li>\n<\/ul>\n<p><strong>TARKKA JA MONIPUOLINEN<\/strong><\/p>\n<figure><img loading=\"lazy\" decoding=\"async\" src=\"https:\/\/ompelijanmaailma.fi\/attachments\/text_editor\/1982.jpg\" alt=\"tarkka\" width=\"288\" height=\"288\" data-image=\"xgqosmme2lqi\"><\/figure>\n<ul>\n<li>Saumaa ja leikkaa aina yht\u00e4 hyvin nopeudesta riippumatta.<\/li>\n<li>Leikkaa ja saumaa my\u00f6s paksut materiaalit helposti ja tarkasti.<\/li>\n<li>Differentiaalisy\u00f6t\u00f6n avulla aaltoilemattomat saumat neuloksiin ja kirist\u00e4m\u00e4tt\u00f6m\u00e4t saumat ohuisiin kankaisiin.<\/li>\n<\/ul>\n<p><strong>BERNINA L450 SAUMURIN OMINAISUUKSIA:<\/strong><\/p>\n<ul>\n<li>16 ommelta, kaikki 2\/3\/4 -lankaiset saumuriompeleet<\/li>\n<li>ommelleveys 3-9mm<\/li>\n<li>helppo langoitus<\/li>\n<li>alasiepparin automaattilangoitin<\/li>\n<li>neulalangoitin vakiovarusteena<\/li>\n<li>v\u00e4rikoodatut langoitusreitit<\/li>\n<li>neulaj\u00e4rjestelm\u00e4 130\/705H (tavallinen kotikoneneula)<\/li>\n<li>langoituskartta koneen etuluukun takana<\/li>\n<li>k\u00e4sipy\u00f6r\u00e4n asennonosoitin<\/li>\n<li>automaattisesti vapautuva langankiristysj\u00e4rjestelm\u00e4 (paininjalka ylh\u00e4\u00e4ll\u00e4)<\/li>\n<li>tikinpituuden hienos\u00e4\u00e4t\u00f6 rullap\u00e4\u00e4rmeelle<\/li>\n<li>piston pituuden s\u00e4\u00e4t\u00f6 ompelun aikana<\/li>\n<li>leikkuuleveyden s\u00e4\u00e4t\u00f6<\/li>\n<li>differentiaalisy\u00f6tt\u00f6 (eriaikaissy\u00f6tt\u00f6) ompelun aikana<\/li>\n<li>tarvikkeiden s\u00e4ilytys etuluukussa<\/li>\n<li>2 led -valaisinta<\/li>\n<li>Micro thread control mtc (takaa kauniin ja tasaisen reunan)<\/li>\n<li>altaleikkaava yl\u00e4ter\u00e4<\/li>\n<li>paininjalan lis\u00e4nosto<\/li>\n<li>5-tasoinen paininjalanpuristus<\/li>\n<li>rullap\u00e4\u00e4rmeautomatiikka<\/li>\n<\/ul>\n<p><strong>VAKIOVARUSTEET:<\/strong><\/p>\n<ul>\n<li>peruspaininjalka<\/li>\n<li>yl\u00e4siepparin muunnin (2\/3 -lankaisille ompeleille)<\/li>\n<li>roskakaukalo<\/li>\n<li>saumanohjain<\/li>\n<li>neularasia<\/li>\n<li>neularuuviavain<\/li>\n<li>puhdistussuti<\/li>\n<li>pinsetit<\/li>\n<li>neulalangoitin<\/li>\n<li>tarvikelaatikko<\/li>\n<li>ruuviavain<\/li>\n<li>ter\u00e4avain<\/li>\n<li>varayl\u00e4ter\u00e4<\/li>\n<li>lankaverkot<\/li>\n<li>lankalevyt pienille rullille<\/li>\n<li>\u00f6ljypullo<\/li>\n<li>suojahuppu<\/li>\n<li>suomenkielinen ohjekirja<\/li>\n<\/ul>","protected":false},"excerpt":{"rendered":"<p>Bernina L450 saumurin k\u00e4ytt\u00f6 merkitsee nopeutta, helppoutta ja siisti\u00e4 ommelta. Ompeluprojektit valmistuvat nopeasti ja vaivattomasti. BERNINA L450 saumurilla voit kokea<\/p>","protected":false},"featured_media":15889,"comment_status":"closed","ping_status":"closed","template":"","meta":[],"product_brand":[113],"product_cat":[142,24,123],"product_tag":[],"class_list":{"0":"post-15748","1":"product","2":"type-product","3":"status-publish","4":"has-post-thumbnail","6":"product_brand-bernina","7":"product_cat-bernina-saumurit","8":"product_cat-saumurit","9":"product_cat-saumuritsaumurit-bernina","11":"first","12":"instock","13":"purchasable","14":"product-type-simple"},"_links":{"self":[{"href":"https:\/\/kauppa.ompelukoneliike.net\/en\/wp-json\/wp\/v2\/product\/15748","targetHints":{"allow":["GET"]}}],"collection":[{"href":"https:\/\/kauppa.ompelukoneliike.net\/en\/wp-json\/wp\/v2\/product"}],"about":[{"href":"https:\/\/kauppa.ompelukoneliike.net\/en\/wp-json\/wp\/v2\/types\/product"}],"replies":[{"embeddable":true,"href":"https:\/\/kauppa.ompelukoneliike.net\/en\/wp-json\/wp\/v2\/comments?post=15748"}],"version-history":[{"count":1,"href":"https:\/\/kauppa.ompelukoneliike.net\/en\/wp-json\/wp\/v2\/product\/15748\/revisions"}],"predecessor-version":[{"id":15749,"href":"https:\/\/kauppa.ompelukoneliike.net\/en\/wp-json\/wp\/v2\/product\/15748\/revisions\/15749"}],"wp:featuredmedia":[{"embeddable":true,"href":"https:\/\/kauppa.ompelukoneliike.net\/en\/wp-json\/wp\/v2\/media\/15889"}],"wp:attachment":[{"href":"https:\/\/kauppa.ompelukoneliike.net\/en\/wp-json\/wp\/v2\/media?parent=15748"}],"wp:term":[{"taxonomy":"product_brand","embeddable":true,"href":"https:\/\/kauppa.ompelukoneliike.net\/en\/wp-json\/wp\/v2\/product_brand?post=15748"},{"taxonomy":"product_cat","embeddable":true,"href":"https:\/\/kauppa.ompelukoneliike.net\/en\/wp-json\/wp\/v2\/product_cat?post=15748"},{"taxonomy":"product_tag","embeddable":true,"href":"https:\/\/kauppa.ompelukoneliike.net\/en\/wp-json\/wp\/v2\/product_tag?post=15748"}],"curies":[{"name":"wp","href":"https:\/\/api.w.org\/{rel}","templated":true}]}}