{"id":15744,"date":"2025-02-12T11:11:59","date_gmt":"2025-02-12T11:11:59","guid":{"rendered":"https:\/\/kauppa.ompelukoneliike.net\/product\/pfaff-admire-1000\/"},"modified":"2026-01-13T13:52:16","modified_gmt":"2026-01-13T13:52:16","slug":"pfaff-admire-1000","status":"publish","type":"product","link":"https:\/\/kauppa.ompelukoneliike.net\/en\/product\/pfaff-admire-1000\/","title":{"rendered":"Pfaff admire 1000"},"content":{"rendered":"<p><strong>PFAFF Admire\u2122 1000<\/strong> saumurissa on 4-, 3- ja 2-lankaisia ompeleita yhteens\u00e4 16, joiden avulla viimeistelet kaikki projektisi. Saumurin sek\u00e4 vasen ett\u00e4 oikea etuluukku aukeavat antaen t\u00e4ydellisen n\u00e4kyv\u00e4isyyden siepparialueelle tehden langoittamisesta mahdollisimman helppoa. Differentiaalisy\u00f6tt\u00f6 takaa t\u00e4ydelliset saumat eri materiaaleilla \u2013 ei aaltoilua neuloksilla tai poimuttumista ohuilla materiaaleilla. Voit hy\u00f6dynt\u00e4\u00e4 differentiaalisy\u00f6tt\u00f6\u00e4 tarvittaessa my\u00f6s rypytyksiss\u00e4.<\/p>","protected":false},"excerpt":{"rendered":"<p>PFAFF Admire\u2122 1000 saumurissa on 4-, 3- ja 2-lankaisia ompeleita yhteens\u00e4 16, joiden avulla viimeistelet kaikki projektisi. Saumurin sek\u00e4 vasen<\/p>","protected":false},"featured_media":15887,"comment_status":"closed","ping_status":"closed","template":"","meta":[],"product_brand":[111],"product_cat":[45,24,122],"product_tag":[],"class_list":{"0":"post-15744","1":"product","2":"type-product","3":"status-publish","4":"has-post-thumbnail","6":"product_brand-pfaff","7":"product_cat-pfaff-saumurit","8":"product_cat-saumurit","9":"product_cat-saumuritsaumurit-pfaff","11":"first","12":"instock","13":"sale","14":"purchasable","15":"product-type-simple"},"_links":{"self":[{"href":"https:\/\/kauppa.ompelukoneliike.net\/en\/wp-json\/wp\/v2\/product\/15744","targetHints":{"allow":["GET"]}}],"collection":[{"href":"https:\/\/kauppa.ompelukoneliike.net\/en\/wp-json\/wp\/v2\/product"}],"about":[{"href":"https:\/\/kauppa.ompelukoneliike.net\/en\/wp-json\/wp\/v2\/types\/product"}],"replies":[{"embeddable":true,"href":"https:\/\/kauppa.ompelukoneliike.net\/en\/wp-json\/wp\/v2\/comments?post=15744"}],"version-history":[{"count":2,"href":"https:\/\/kauppa.ompelukoneliike.net\/en\/wp-json\/wp\/v2\/product\/15744\/revisions"}],"predecessor-version":[{"id":16247,"href":"https:\/\/kauppa.ompelukoneliike.net\/en\/wp-json\/wp\/v2\/product\/15744\/revisions\/16247"}],"wp:featuredmedia":[{"embeddable":true,"href":"https:\/\/kauppa.ompelukoneliike.net\/en\/wp-json\/wp\/v2\/media\/15887"}],"wp:attachment":[{"href":"https:\/\/kauppa.ompelukoneliike.net\/en\/wp-json\/wp\/v2\/media?parent=15744"}],"wp:term":[{"taxonomy":"product_brand","embeddable":true,"href":"https:\/\/kauppa.ompelukoneliike.net\/en\/wp-json\/wp\/v2\/product_brand?post=15744"},{"taxonomy":"product_cat","embeddable":true,"href":"https:\/\/kauppa.ompelukoneliike.net\/en\/wp-json\/wp\/v2\/product_cat?post=15744"},{"taxonomy":"product_tag","embeddable":true,"href":"https:\/\/kauppa.ompelukoneliike.net\/en\/wp-json\/wp\/v2\/product_tag?post=15744"}],"curies":[{"name":"wp","href":"https:\/\/api.w.org\/{rel}","templated":true}]}}